{"id":394,"date":"2021-01-16T14:35:38","date_gmt":"2021-01-16T14:35:38","guid":{"rendered":"https:\/\/cdcorp.ca\/accueil\/"},"modified":"2021-12-23T15:45:12","modified_gmt":"2021-12-23T15:45:12","slug":"home","status":"publish","type":"page","link":"https:\/\/cdcorp.ca\/fr\/","title":{"rendered":"Home"},"content":{"rendered":"\n<h1 class=\"alignfull has-text-align-center wp-block-heading\"><strong><strong>Automatisez les r\u00e9sultats avec BPAL<\/strong><\/strong><\/h1>\n\n\n\n<h1 class=\"alignfull has-text-align-center wp-block-heading\">Solutions de gestion des achats en gros et de la logistique de CDCorp<\/h1>\n\n\n<div id=\"gutenslider-su73gyjkf\" class=\"wp-block-eedee-block-gutenslider content-fixed alignnone arrow-style-1 arrow-position-sides arrow-mb-none arrows-lg-none arrows-md-none arrows-sm-none dot-style-1 dots-lg-none dots-md-none dots-sm-none dot-position-bottom is-position-center-center mb-none\" style=\"--gutenslider-min-height: 50vh;--gutenslider-arrow-size: 30px;--gutenslider-dot-size: 25px;--gutenslider-arrow-color: #ffffff;--gutenslider-dot-color: #ffffff;--gutenslider-padding-y-mobile: 40px;--gutenslider-padding-x-mobile: 40px;--gutenslider-padding-y-tablet: 40px;--gutenslider-padding-x-tablet: 40px;--gutenslider-padding-y-desktop: 40px;--gutenslider-padding-x-desktop: 40px;--gutenslider-bg-image: url();--gutenslider-min-height-md: 50vh;--gutenslider-min-height-sm: 50vh;--gutenslider-padding-x: 40px;--gutenslider-padding-x-md: 40px;--gutenslider-padding-x-sm: 20px;--gutenslider-padding-y: 40px;--gutenslider-padding-y-md: 40px;--gutenslider-padding-y-sm: 20px;--gutenslider-arrow-size-md: 30px;--gutenslider-arrow-size-sm: 30px;--gutenslider-dot-size-md: 25px;--gutenslider-dot-size-sm: 25px;--gutenslider-arrow-bg-color: transparent;--gutenslider-arrow-hover-color: #eeeeee;--gutenslider-arrow-bg-hover-color: transparent;--gutenslider-arrow-x-offset: 10px;--gutenslider-arrow-x-offset-md: 10px;--gutenslider-arrow-x-offset-sm: 10px;--gutenslider-arrow-y-offset: 0px;--gutenslider-arrow-y-offset-md: 0px;--gutenslider-arrow-y-offset-sm: 0px;--gutenslider-arrow-x-spacing: 0px;--gutenslider-dot-y-offset: 10px;--gutenslider-dot-y-offset-md: 10px;--gutenslider-dot-y-offset-sm: 10px;--gutenslider-margin-x: 0px;--gutenslider-margin-x-md: 0px;--gutenslider-margin-x-sm: 0px;--gutenslider-margin-y: 0px;--gutenslider-margin-y-md: 0px;--gutenslider-margin-y-sm: 0px;--gutenslider-divider-top: 60px;--gutenslider-divider-bottom: 60px;--gutenslider-lightgallery-bg: #ffffff;--gutenslider-lightgallery-font: #000000;\" data-parallax-direction=\"down\" data-parallax-amount=\"1.3\" data-lg-transition=\"lg-slide\" data-hash=\"\"><div class=\"eedee-swiper-outer\"><div class=\"gutenslider-divider-top\" style=\"color:#fff; height:60px;\"><\/div><div class=\"swiper\" data-settings='{\"autoplay\":false,\"speed\":700,\"direction\":\"horizontal\",\"autoHeight\":\"\",\"loop\":false,\"centeredSlides\":true,\"spaceBetween\":0,\"slidesPerView\":1,\"slidesPerGroup\":1,\"effect\":\"slide\",\"coverflowEffect\":{\"rotate\":30,\"slideShadows\":false,\"depth\":100,\"stretch\":50,\"modifier\":1},\"fadeEffect\":{\"crossFade\":true},\"zoom\":\"\",\"navigation\":{\"nextEl\":\"#gutenslider-su73gyjkf .eedee-gutenslider-next\",\"prevEl\":\"#gutenslider-su73gyjkf .eedee-gutenslider-prev\"},\"pagination\":{\"type\":\"bullets\",\"clickable\":true,\"dynamicBullets\":false,\"el\":\"#gutenslider-su73gyjkf .eedee-gutenslider-pagination\"},\"pauseOnHover\":\"1\",\"watchSlidesProgress\":true,\"watchSlidesVisibility\":true,\"settingsMd\":{\"autoHeight\":\"\",\"slidesPerView\":1,\"slidesPerGroup\":1,\"spaceBetween\":0},\"settingsLg\":{\"autoHeight\":\"\",\"slidesPerView\":1,\"slidesPerGroup\":1,\"spaceBetween\":0},\"hasLg\":false,\"hasLgCounter\":true,\"isFullScreen\":false,\"arrowsFollowMouse\":false,\"lgTitle\":\"none\",\"lgCaption\":\"none\",\"lgThumbnails\":true,\"keyboard\":{\"keyboard\":{\"enabled\":true,\"onlyInViewport\":true}},\"hashNavigation\":false}'><div class=\"swiper-wrapper\">\n<div class=\"swiper-slide wp-block-eedee-block-gutenslide is-position-center-center ed-bg-none\" style=\"--slide-min-width:80%;\" data-hash=\"\"><div class=\"eedee-background-div no-media-background\"><div class=\"eedee-background-div__overlay\" style=\"opacity:1;\"><\/div><\/div><div class=\"slide-content\">\n\n<figure class=\"wp-block-embed is-type-video is-provider-youtube wp-block-embed-youtube wp-embed-aspect-16-9 wp-has-aspect-ratio\"><div class=\"wp-block-embed__wrapper\">\n<iframe loading=\"lazy\" title=\"Introducing CDCorp&#039;s bulk procurement automation system.\" width=\"900\" height=\"506\" src=\"https:\/\/www.youtube.com\/embed\/uijQcNV29yE?feature=oembed\" frameborder=\"0\" allow=\"accelerometer; autoplay; clipboard-write; encrypted-media; gyroscope; picture-in-picture\" allowfullscreen><\/iframe>\n<\/div><\/figure>\n\n<\/div><\/div>\n\n\n<figure class=\"wp-block-embed aligncenter is-type-video is-provider-youtube wp-block-embed-youtube wp-embed-aspect-16-9 wp-has-aspect-ratio\"><div class=\"wp-block-embed__wrapper\">\n<iframe loading=\"lazy\" title=\"Pr\u00e9sentation du syst\u00e8me de gestion des achats en gros et de la logistique de CDCorp\" width=\"900\" height=\"506\" src=\"https:\/\/www.youtube.com\/embed\/oFaQobrbwck?feature=oembed\" frameborder=\"0\" allow=\"accelerometer; autoplay; clipboard-write; encrypted-media; gyroscope; picture-in-picture\" allowfullscreen><\/iframe>\n<\/div><\/figure>\n\n<\/div><\/div><div class=\"wp-block-eedee-gutenslider__content co-1\">\n<div class=\"swiper-slide wp-block-eedee-block-gutenslide is-position-center-center ed-bg-none\" style=\"--slide-min-width:80%;\" data-hash=\"\"><div class=\"eedee-background-div no-media-background\"><div class=\"eedee-background-div__overlay\" style=\"opacity:1;\"><\/div><\/div><div class=\"slide-content\">\n\n<figure class=\"wp-block-embed is-type-video is-provider-youtube wp-block-embed-youtube wp-embed-aspect-16-9 wp-has-aspect-ratio\"><div class=\"wp-block-embed__wrapper\">\n<iframe loading=\"lazy\" title=\"Introducing CDCorp&#039;s bulk procurement automation system.\" width=\"900\" height=\"506\" src=\"https:\/\/www.youtube.com\/embed\/uijQcNV29yE?feature=oembed\" frameborder=\"0\" allow=\"accelerometer; autoplay; clipboard-write; encrypted-media; gyroscope; picture-in-picture\" allowfullscreen><\/iframe>\n<\/div><\/figure>\n\n<\/div><\/div>\n\n\n<figure class=\"wp-block-embed aligncenter is-type-video is-provider-youtube wp-block-embed-youtube wp-embed-aspect-16-9 wp-has-aspect-ratio\"><div class=\"wp-block-embed__wrapper\">\n<iframe loading=\"lazy\" title=\"Pr\u00e9sentation du syst\u00e8me de gestion des achats en gros et de la logistique de CDCorp\" width=\"900\" height=\"506\" src=\"https:\/\/www.youtube.com\/embed\/oFaQobrbwck?feature=oembed\" frameborder=\"0\" allow=\"accelerometer; autoplay; clipboard-write; encrypted-media; gyroscope; picture-in-picture\" allowfullscreen><\/iframe>\n<\/div><\/figure>\n\n<\/div><button class=\"eedee-gutenslider-nav eedee-gutenslider-prev\"><svg xmlns=\"http:\/\/www.w3.org\/2000\/svg\" viewBox=\"0 0 24 24\" width=\"24\" height=\"24\"><circle class=\"bg\" cx=\"13\" cy=\"12\" r=\"11\" \/><path fill=\"none\" d=\"M0 0h24v24H0z\"\/><path class=\"arrow\" d=\"M10.828 12l4.95 4.95-1.414 1.414L8 12l6.364-6.364 1.414 1.414z\"\/><\/svg><\/button><button class=\"eedee-gutenslider-nav eedee-gutenslider-next\"><svg xmlns=\"http:\/\/www.w3.org\/2000\/svg\" viewBox=\"0 0 24 24\" width=\"24\" height=\"24\"><circle class=\"bg\" cx=\"11\" cy=\"12\" r=\"11\" \/><path fill=\"none\" d=\"M0 0h24v24H0z\"\/><path class=\"arrow\" d=\"M13.172 12l-4.95-4.95 1.414-1.414L16 12l-6.364 6.364-1.414-1.414z\"\/><\/svg><\/button><div class=\"eedee-gutenslider-pagination\"><\/div><\/div><div class=\"gutenslider-divider-bottom \" style=\"color:#fff; height:60px;\"><\/div><\/div>\n\n\n<h2 class=\"has-text-align-left wp-block-heading\">D\u00e9couvrez comment l&rsquo;automatisation des achats et de logicielle int\u00e9gr\u00e9e de CDCorp peut aider votre entreprise \u00e0&nbsp;: r\u00e9duire les co\u00fbts, \u00e9viter les erreurs, am\u00e9liorer les flux de travail et augmenter l&rsquo;efficacit\u00e9<\/h2>\n\n\n\n<h4 class=\"has-text-align-center wp-block-heading\">Une solution automatis\u00e9e, s\u00fbre et&nbsp;<a href=\"https:\/\/cdcorp.ca\/fr\/experience-bpal\/\">sans contact<\/a>&nbsp;pour l\u2019approvisionnement en vrac de mati\u00e8res premi\u00e8res.<\/h4>\n\n\n\n<h4 class=\"has-text-align-center wp-block-heading\">Voyons ce que BPAL peut faire pour vous et votre entreprise.&nbsp;<\/h4>\n\n\n\n<div class=\"wp-block-columns is-layout-flex wp-container-core-columns-is-layout-9d6595d7 wp-block-columns-is-layout-flex\">\n<div class=\"wp-block-column is-layout-flow wp-block-column-is-layout-flow\">\n<div class=\"wp-block-buttons is-content-justification-center is-layout-flex wp-block-buttons-is-layout-flex\">\n<div class=\"wp-block-button is-style-outline is-style-outline--1\"><a class=\"wp-block-button__link has-white-background-color has-text-color has-background\" href=\"https:\/\/cdcorp.ca\/fr\/experience-bpal\/\" style=\"color:#025001\">En savoir plus sur BPAL<\/a><\/div>\n<\/div>\n<\/div>\n\n\n\n<div class=\"wp-block-column is-layout-flow wp-block-column-is-layout-flow\">\n<div class=\"wp-block-buttons is-content-justification-center is-layout-flex wp-block-buttons-is-layout-flex\">\n<div class=\"wp-block-button is-style-outline is-style-outline--2\"><a class=\"wp-block-button__link has-text-color\" href=\"tel:15147387640\" style=\"color:#025001\">Appelez nous au 514-738-7640<\/a><\/div>\n<\/div>\n<\/div>\n<\/div>\n\n\n\n<hr class=\"wp-block-separator\"\/>\n\n\n\n<div class=\"wp-block-columns is-layout-flex wp-container-core-columns-is-layout-9d6595d7 wp-block-columns-is-layout-flex\">\n<div class=\"wp-block-column is-layout-flow wp-block-column-is-layout-flow\">\n<div class=\"wp-block-image\"><figure class=\"aligncenter size-large is-resized\"><img loading=\"lazy\" decoding=\"async\" src=\"https:\/\/cdcorp.ca\/wp-content\/uploads\/2021\/07\/Idea.png\" alt=\"\" class=\"wp-image-680\" width=\"100\" height=\"100\" srcset=\"https:\/\/cdcorp.ca\/wp-content\/uploads\/2021\/07\/Idea.png 840w, https:\/\/cdcorp.ca\/wp-content\/uploads\/2021\/07\/Idea-300x300.png 300w, https:\/\/cdcorp.ca\/wp-content\/uploads\/2021\/07\/Idea-150x150.png 150w, https:\/\/cdcorp.ca\/wp-content\/uploads\/2021\/07\/Idea-768x768.png 768w\" sizes=\"auto, (max-width: 100px) 100vw, 100px\" \/><\/figure><\/div>\n\n\n\n<h3 class=\"has-text-align-center has-text-color wp-block-heading\" style=\"color:#025001\"><strong><strong>R\u00e9duisez&nbsp;<\/strong><br><strong>les co\u00fbts&nbsp;<\/strong><br><strong>et&nbsp;<\/strong><br><strong>les pertes<\/strong><\/strong><\/h3>\n\n\n\n<p class=\"has-text-align-center has-text-color\" style=\"color:#025001\">Optimisez les processus de flux de travail pour l\u2019approvisionnement et les livraisons de mati\u00e8res premi\u00e8res en vrac, r\u00e9duisez les co\u00fbts des ressources humaines et&nbsp;am\u00e9liorez&nbsp;la tranquillit\u00e9 d\u2019esprit.<\/p>\n<\/div>\n\n\n\n<div class=\"wp-block-column is-layout-flow wp-block-column-is-layout-flow\">\n<div class=\"wp-block-image\"><figure class=\"aligncenter size-large is-resized\"><img decoding=\"async\" src=\"https:\/\/cdcorp.ca\/wp-content\/uploads\/2021\/07\/Graph.png\" alt=\"\" class=\"wp-image-682\" width=\"100\" srcset=\"https:\/\/cdcorp.ca\/wp-content\/uploads\/2021\/07\/Graph.png 840w, https:\/\/cdcorp.ca\/wp-content\/uploads\/2021\/07\/Graph-300x300.png 300w, https:\/\/cdcorp.ca\/wp-content\/uploads\/2021\/07\/Graph-150x150.png 150w, https:\/\/cdcorp.ca\/wp-content\/uploads\/2021\/07\/Graph-768x768.png 768w\" sizes=\"(max-width: 840px) 100vw, 840px\" \/><\/figure><\/div>\n\n\n\n<h3 class=\"has-text-align-center has-text-color wp-block-heading\" style=\"color:#025001\"><strong><strong>R\u00e9duisez&nbsp;<\/strong><br><strong>les risques&nbsp;<\/strong><br><strong>et renforcez&nbsp;<\/strong><br><strong>la r\u00e9silience<\/strong><\/strong><\/h3>\n\n\n\n<p class=\"has-text-align-center has-text-color\" style=\"color:#025001\">R\u00e9duisez le risque d\u2019erreur humaine, prot\u00e9gez les travailleurs et restez op\u00e9rationnel en p\u00e9riode d\u2019incertitude.<\/p>\n<\/div>\n\n\n\n<div class=\"wp-block-column is-layout-flow wp-block-column-is-layout-flow\">\n<div class=\"wp-block-image\"><figure class=\"aligncenter size-large is-resized\"><img decoding=\"async\" src=\"https:\/\/cdcorp.ca\/wp-content\/uploads\/2021\/07\/Computer.png\" alt=\"\" class=\"wp-image-684\" width=\"100\" srcset=\"https:\/\/cdcorp.ca\/wp-content\/uploads\/2021\/07\/Computer.png 840w, https:\/\/cdcorp.ca\/wp-content\/uploads\/2021\/07\/Computer-300x300.png 300w, https:\/\/cdcorp.ca\/wp-content\/uploads\/2021\/07\/Computer-150x150.png 150w, https:\/\/cdcorp.ca\/wp-content\/uploads\/2021\/07\/Computer-768x768.png 768w\" sizes=\"(max-width: 840px) 100vw, 840px\" \/><\/figure><\/div>\n\n\n\n<h3 class=\"has-text-align-center has-text-color wp-block-heading\" style=\"color:#025001\"><strong><strong>Augmentez le potentiel de croissance et la rentabilit\u00e9<\/strong><\/strong><\/h3>\n\n\n\n<p class=\"has-text-align-center has-text-color\" style=\"color:#025001\">Lib\u00e9rez du temps et du capital pour le d\u00e9veloppement de la croissance et obtenez un avantage concurrentiel gr\u00e2ce \u00e0 une automatisation de pointe.<\/p>\n<\/div>\n<\/div>\n\n\n\n<div class=\"wp-block-columns is-layout-flex wp-container-core-columns-is-layout-9d6595d7 wp-block-columns-is-layout-flex\">\n<div class=\"wp-block-column is-layout-flow wp-block-column-is-layout-flow\">\n<div class=\"wp-block-image\"><figure class=\"aligncenter size-large is-resized\"><img loading=\"lazy\" decoding=\"async\" src=\"https:\/\/cdcorp.ca\/wp-content\/uploads\/2021\/07\/Meeting.png\" alt=\"\" class=\"wp-image-686\" width=\"100\" height=\"100\" srcset=\"https:\/\/cdcorp.ca\/wp-content\/uploads\/2021\/07\/Meeting.png 840w, https:\/\/cdcorp.ca\/wp-content\/uploads\/2021\/07\/Meeting-300x300.png 300w, https:\/\/cdcorp.ca\/wp-content\/uploads\/2021\/07\/Meeting-150x150.png 150w, https:\/\/cdcorp.ca\/wp-content\/uploads\/2021\/07\/Meeting-768x768.png 768w\" sizes=\"auto, (max-width: 100px) 100vw, 100px\" \/><\/figure><\/div>\n\n\n\n<h2 class=\"has-text-align-center has-text-color wp-block-heading\" style=\"color:#025001\"><strong><strong>Gestion&nbsp;<\/strong><br><strong>et contr\u00f4le<\/strong><br><strong>en temps r\u00e9el<\/strong><\/strong><\/h2>\n\n\n\n<p class=\"has-text-align-center has-text-color\" style=\"color:#025001\">G\u00e9rez l&rsquo;acc\u00e8s, la connectivit\u00e9 et les communications en temps r\u00e9el avec l&rsquo;interface conviviale et s\u00e9curis\u00e9e de BPAL.<\/p>\n<\/div>\n\n\n\n<div class=\"wp-block-column is-layout-flow wp-block-column-is-layout-flow\">\n<div class=\"wp-block-image\"><figure class=\"aligncenter size-large is-resized\"><img loading=\"lazy\" decoding=\"async\" src=\"https:\/\/cdcorp.ca\/wp-content\/uploads\/2021\/07\/PieChart.png\" alt=\"\" class=\"wp-image-688\" width=\"100\" height=\"100\" srcset=\"https:\/\/cdcorp.ca\/wp-content\/uploads\/2021\/07\/PieChart.png 840w, https:\/\/cdcorp.ca\/wp-content\/uploads\/2021\/07\/PieChart-300x300.png 300w, https:\/\/cdcorp.ca\/wp-content\/uploads\/2021\/07\/PieChart-150x150.png 150w, https:\/\/cdcorp.ca\/wp-content\/uploads\/2021\/07\/PieChart-768x768.png 768w\" sizes=\"auto, (max-width: 100px) 100vw, 100px\" \/><\/figure><\/div>\n\n\n\n<h2 class=\"has-text-align-center has-text-color wp-block-heading\" style=\"color:#025001\"><strong>A<strong>m\u00e9lioration de la pr\u00e9cision et de la veille strat\u00e9gique<\/strong><\/strong><\/h2>\n\n\n\n<p class=\"has-text-align-center has-text-color\" style=\"color:#025001\">Automatisez le cycle d&rsquo;approvisionnement complet et acc\u00e9dez aux rapports critiques en temps r\u00e9el depuis tous les appareils connect\u00e9s.<\/p>\n<\/div>\n\n\n\n<div class=\"wp-block-column is-layout-flow wp-block-column-is-layout-flow\">\n<div class=\"wp-block-image\"><figure class=\"aligncenter size-large is-resized\"><img loading=\"lazy\" decoding=\"async\" src=\"https:\/\/cdcorp.ca\/wp-content\/uploads\/2021\/07\/Handshake.png\" alt=\"\" class=\"wp-image-690\" width=\"100\" height=\"100\" srcset=\"https:\/\/cdcorp.ca\/wp-content\/uploads\/2021\/07\/Handshake.png 844w, https:\/\/cdcorp.ca\/wp-content\/uploads\/2021\/07\/Handshake-300x300.png 300w, https:\/\/cdcorp.ca\/wp-content\/uploads\/2021\/07\/Handshake-150x150.png 150w, https:\/\/cdcorp.ca\/wp-content\/uploads\/2021\/07\/Handshake-768x764.png 768w\" sizes=\"auto, (max-width: 100px) 100vw, 100px\" \/><\/figure><\/div>\n\n\n\n<h2 class=\"has-text-align-center has-text-color wp-block-heading\" style=\"color:#025001\"><strong><strong>Efficacit\u00e9 administrative et op\u00e9rationnelle<\/strong><\/strong><\/h2>\n\n\n\n<p class=\"has-text-align-center has-text-color\" style=\"color:#025001\">Centralisez et g\u00e9rez les fonctions administratives telles que les calculs de qualit\u00e9 et de paiement, les ventes et la gestion des contrats et des stocks.<\/p>\n<\/div>\n<\/div>\n\n\n\n<hr class=\"wp-block-separator aligncenter\"\/>\n\n\n\n<h2 class=\"has-text-align-center wp-block-heading\">Vous ne nous croyez pas?&nbsp;<br>Laissez les chiffres vous convaincre.<\/h2>\n\n\n\n<p>Utilisez notre&nbsp;<a href=\"https:\/\/cdcorp.ca\/fr\/calculateur-de-retour-sur-investissement\/\">calculateur de RCI<\/a>&nbsp;pour \u00e9valuer&nbsp;les \u00e9conomies de co\u00fbts r\u00e9elles lorsque vous int\u00e9grez&nbsp;<a href=\"https:\/\/cdcorp.ca\/fr\/experience-bpal\/\">BPAL<\/a>&nbsp;dans votre infrastructure de cha\u00eene d\u2019approvisionnement en mati\u00e8res premi\u00e8res ou&nbsp;<a href=\"tel:15147387640\">appelez-nous<\/a>&nbsp;pour en savoir plus.<\/p>\n\n\n\n&nbsp;\n","protected":false},"excerpt":{"rendered":"<p>Automatisez les r\u00e9sultats avec BPAL Solutions de gestion des achats en gros et de la logistique de CDCorp D\u00e9couvrez comment l&rsquo;automatisation des achats et de logicielle int\u00e9gr\u00e9e de CDCorp peut aider votre entreprise \u00e0&nbsp;: r\u00e9duire les co\u00fbts, \u00e9viter les erreurs, am\u00e9liorer les flux de travail et augmenter l&rsquo;efficacit\u00e9 Une solution automatis\u00e9e, s\u00fbre et&nbsp;sans contact&nbsp;pour l\u2019approvisionnement [&hellip;]<\/p>\n","protected":false},"author":3,"featured_media":0,"parent":0,"menu_order":0,"comment_status":"closed","ping_status":"closed","template":"","meta":{"wpm_timeformat":"","_wpm_styles":"","footnotes":""},"class_list":["post-394","page","type-page","status-publish","hentry"],"yoast_head":"<!-- This site is optimized with the Yoast SEO plugin v19.10 - https:\/\/yoast.com\/wordpress\/plugins\/seo\/ -->\n<title>Home - Circuit Design Corporation<\/title>\n<meta name=\"robots\" content=\"index, follow, max-snippet:-1, max-image-preview:large, max-video-preview:-1\" \/>\n<link rel=\"canonical\" href=\"https:\/\/cdcorp.ca\/fr\/\" \/>\n<meta property=\"og:locale\" content=\"fr_FR\" \/>\n<meta property=\"og:type\" content=\"article\" \/>\n<meta property=\"og:title\" content=\"Home - Circuit Design Corporation\" \/>\n<meta property=\"og:description\" content=\"Automatisez les r\u00e9sultats avec BPAL Solutions de gestion des achats en gros et de la logistique de CDCorp D\u00e9couvrez comment l&rsquo;automatisation des achats et de logicielle int\u00e9gr\u00e9e de CDCorp peut aider votre entreprise \u00e0&nbsp;: r\u00e9duire les co\u00fbts, \u00e9viter les erreurs, am\u00e9liorer les flux de travail et augmenter l&rsquo;efficacit\u00e9 Une solution automatis\u00e9e, s\u00fbre et&nbsp;sans contact&nbsp;pour l\u2019approvisionnement [&hellip;]\" \/>\n<meta property=\"og:url\" content=\"https:\/\/cdcorp.ca\/fr\/\" \/>\n<meta property=\"og:site_name\" content=\"Circuit Design Corporation\" \/>\n<meta property=\"article:modified_time\" content=\"2021-12-23T15:45:12+00:00\" \/>\n<meta property=\"og:image\" content=\"https:\/\/cdcorp.ca\/wp-content\/uploads\/2021\/07\/Idea.png\" \/>\n<meta name=\"twitter:card\" content=\"summary_large_image\" \/>\n<meta name=\"twitter:label1\" content=\"Dur\u00e9e de lecture estim\u00e9e\" \/>\n\t<meta name=\"twitter:data1\" content=\"3 minutes\" \/>\n<script type=\"application\/ld+json\" class=\"yoast-schema-graph\">{\"@context\":\"https:\/\/schema.org\",\"@graph\":[{\"@type\":\"WebPage\",\"@id\":\"https:\/\/cdcorp.ca\/fr\/\",\"url\":\"https:\/\/cdcorp.ca\/fr\/\",\"name\":\"Home - Circuit Design Corporation\",\"isPartOf\":{\"@id\":\"https:\/\/cdcorp.ca\/#website\"},\"datePublished\":\"2021-01-16T14:35:38+00:00\",\"dateModified\":\"2021-12-23T15:45:12+00:00\",\"breadcrumb\":{\"@id\":\"https:\/\/cdcorp.ca\/fr\/#breadcrumb\"},\"inLanguage\":\"fr-FR\",\"potentialAction\":[{\"@type\":\"ReadAction\",\"target\":[\"https:\/\/cdcorp.ca\/fr\/\"]}]},{\"@type\":\"BreadcrumbList\",\"@id\":\"https:\/\/cdcorp.ca\/fr\/#breadcrumb\",\"itemListElement\":[{\"@type\":\"ListItem\",\"position\":1,\"name\":\"Home\",\"item\":\"https:\/\/cdcorp.ca\/fr\/\"},{\"@type\":\"ListItem\",\"position\":2,\"name\":\"Home\"}]},{\"@type\":\"WebSite\",\"@id\":\"https:\/\/cdcorp.ca\/#website\",\"url\":\"https:\/\/cdcorp.ca\/\",\"name\":\"Circuit Design Corporation\",\"description\":\"Automatisation et administration BPAL\",\"publisher\":{\"@id\":\"https:\/\/cdcorp.ca\/#organization\"},\"potentialAction\":[{\"@type\":\"SearchAction\",\"target\":{\"@type\":\"EntryPoint\",\"urlTemplate\":\"https:\/\/cdcorp.ca\/?s={search_term_string}\"},\"query-input\":\"required name=search_term_string\"}],\"inLanguage\":\"fr-FR\"},{\"@type\":\"Organization\",\"@id\":\"https:\/\/cdcorp.ca\/#organization\",\"name\":\"Circuit Design Corporation\",\"url\":\"https:\/\/cdcorp.ca\/\",\"logo\":{\"@type\":\"ImageObject\",\"inLanguage\":\"fr-FR\",\"@id\":\"https:\/\/cdcorp.ca\/#\/schema\/logo\/image\/\",\"url\":\"https:\/\/cdcorp.ca\/wp-content\/uploads\/2021\/04\/CDC-Logo-493x134-1.png\",\"contentUrl\":\"https:\/\/cdcorp.ca\/wp-content\/uploads\/2021\/04\/CDC-Logo-493x134-1.png\",\"width\":493,\"height\":134,\"caption\":\" Circuit Design Corporation\"},\"image\":{\"@id\":\"https:\/\/cdcorp.ca\/#\/schema\/logo\/image\/\"}}]}<\/script>\n<!-- \/ Yoast SEO plugin. -->","yoast_head_json":{"title":"Home - Circuit Design Corporation","robots":{"index":"index","follow":"follow","max-snippet":"max-snippet:-1","max-image-preview":"max-image-preview:large","max-video-preview":"max-video-preview:-1"},"canonical":"https:\/\/cdcorp.ca\/fr\/","og_locale":"fr_FR","og_type":"article","og_title":"Home - Circuit Design Corporation","og_description":"Automatisez les r\u00e9sultats avec BPAL Solutions de gestion des achats en gros et de la logistique de CDCorp D\u00e9couvrez comment l&rsquo;automatisation des achats et de logicielle int\u00e9gr\u00e9e de CDCorp peut aider votre entreprise \u00e0&nbsp;: r\u00e9duire les co\u00fbts, \u00e9viter les erreurs, am\u00e9liorer les flux de travail et augmenter l&rsquo;efficacit\u00e9 Une solution automatis\u00e9e, s\u00fbre et&nbsp;sans contact&nbsp;pour l\u2019approvisionnement [&hellip;]","og_url":"https:\/\/cdcorp.ca\/fr\/","og_site_name":"Circuit Design Corporation","article_modified_time":"2021-12-23T15:45:12+00:00","og_image":[{"url":"https:\/\/cdcorp.ca\/wp-content\/uploads\/2021\/07\/Idea.png"}],"twitter_card":"summary_large_image","twitter_misc":{"Dur\u00e9e de lecture estim\u00e9e":"3 minutes"},"schema":{"@context":"https:\/\/schema.org","@graph":[{"@type":"WebPage","@id":"https:\/\/cdcorp.ca\/fr\/","url":"https:\/\/cdcorp.ca\/fr\/","name":"Home - Circuit Design Corporation","isPartOf":{"@id":"https:\/\/cdcorp.ca\/#website"},"datePublished":"2021-01-16T14:35:38+00:00","dateModified":"2021-12-23T15:45:12+00:00","breadcrumb":{"@id":"https:\/\/cdcorp.ca\/fr\/#breadcrumb"},"inLanguage":"fr-FR","potentialAction":[{"@type":"ReadAction","target":["https:\/\/cdcorp.ca\/fr\/"]}]},{"@type":"BreadcrumbList","@id":"https:\/\/cdcorp.ca\/fr\/#breadcrumb","itemListElement":[{"@type":"ListItem","position":1,"name":"Home","item":"https:\/\/cdcorp.ca\/fr\/"},{"@type":"ListItem","position":2,"name":"Home"}]},{"@type":"WebSite","@id":"https:\/\/cdcorp.ca\/#website","url":"https:\/\/cdcorp.ca\/","name":"Circuit Design Corporation","description":"Automatisation et administration BPAL","publisher":{"@id":"https:\/\/cdcorp.ca\/#organization"},"potentialAction":[{"@type":"SearchAction","target":{"@type":"EntryPoint","urlTemplate":"https:\/\/cdcorp.ca\/?s={search_term_string}"},"query-input":"required name=search_term_string"}],"inLanguage":"fr-FR"},{"@type":"Organization","@id":"https:\/\/cdcorp.ca\/#organization","name":"Circuit Design Corporation","url":"https:\/\/cdcorp.ca\/","logo":{"@type":"ImageObject","inLanguage":"fr-FR","@id":"https:\/\/cdcorp.ca\/#\/schema\/logo\/image\/","url":"https:\/\/cdcorp.ca\/wp-content\/uploads\/2021\/04\/CDC-Logo-493x134-1.png","contentUrl":"https:\/\/cdcorp.ca\/wp-content\/uploads\/2021\/04\/CDC-Logo-493x134-1.png","width":493,"height":134,"caption":" Circuit Design Corporation"},"image":{"@id":"https:\/\/cdcorp.ca\/#\/schema\/logo\/image\/"}}]}},"_links":{"self":[{"href":"https:\/\/cdcorp.ca\/fr\/wp-json\/wp\/v2\/pages\/394","targetHints":{"allow":["GET"]}}],"collection":[{"href":"https:\/\/cdcorp.ca\/fr\/wp-json\/wp\/v2\/pages"}],"about":[{"href":"https:\/\/cdcorp.ca\/fr\/wp-json\/wp\/v2\/types\/page"}],"author":[{"embeddable":true,"href":"https:\/\/cdcorp.ca\/fr\/wp-json\/wp\/v2\/users\/3"}],"replies":[{"embeddable":true,"href":"https:\/\/cdcorp.ca\/fr\/wp-json\/wp\/v2\/comments?post=394"}],"version-history":[{"count":33,"href":"https:\/\/cdcorp.ca\/fr\/wp-json\/wp\/v2\/pages\/394\/revisions"}],"predecessor-version":[{"id":830,"href":"https:\/\/cdcorp.ca\/fr\/wp-json\/wp\/v2\/pages\/394\/revisions\/830"}],"wp:attachment":[{"href":"https:\/\/cdcorp.ca\/fr\/wp-json\/wp\/v2\/media?parent=394"}],"curies":[{"name":"wp","href":"https:\/\/api.w.org\/{rel}","templated":true}]}}