{"id":406,"date":"2021-02-06T18:44:59","date_gmt":"2021-02-06T18:44:59","guid":{"rendered":"https:\/\/cdcorp.ca\/?page_id=406"},"modified":"2021-04-16T13:49:51","modified_gmt":"2021-04-16T13:49:51","slug":"administration-bpal","status":"publish","type":"page","link":"https:\/\/cdcorp.ca\/fr\/administration-bpal\/","title":{"rendered":"Administration BPAL"},"content":{"rendered":"\n<div class=\"wp-block-getwid-banner has-animation-style3 has-text-animation-opacity-bottom alignfull\"><a href=\"#\" class=\"wp-block-getwid-banner__link\"><div class=\"wp-block-getwid-banner__wrapper\"><img loading=\"lazy\" decoding=\"async\" width=\"2500\" height=\"625\" src=\"https:\/\/cdcorp.ca\/wp-content\/uploads\/2021\/01\/Mill_Imge2-1.jpg\" alt=\"\" class=\"wp-block-getwid-banner__image wp-block-getwid-banner__source wp-image-379\" srcset=\"https:\/\/cdcorp.ca\/wp-content\/uploads\/2021\/01\/Mill_Imge2-1.jpg 2500w, https:\/\/cdcorp.ca\/wp-content\/uploads\/2021\/01\/Mill_Imge2-1-300x75.jpg 300w, https:\/\/cdcorp.ca\/wp-content\/uploads\/2021\/01\/Mill_Imge2-1-1024x256.jpg 1024w, https:\/\/cdcorp.ca\/wp-content\/uploads\/2021\/01\/Mill_Imge2-1-768x192.jpg 768w, https:\/\/cdcorp.ca\/wp-content\/uploads\/2021\/01\/Mill_Imge2-1-1536x384.jpg 1536w, https:\/\/cdcorp.ca\/wp-content\/uploads\/2021\/01\/Mill_Imge2-1-2048x512.jpg 2048w, https:\/\/cdcorp.ca\/wp-content\/uploads\/2021\/01\/Mill_Imge2-1-938x235.jpg 938w, https:\/\/cdcorp.ca\/wp-content\/uploads\/2021\/01\/Mill_Imge2-1-1130x283.jpg 1130w\" sizes=\"auto, (max-width: 2500px) 100vw, 2500px\" \/><div class=\"wp-block-getwid-banner__caption\"><div class=\"wp-block-getwid-banner__caption-wrapper\"><span class=\"wp-block-getwid-banner__title\"><strong>ADMINISTRATION BPAL<\/strong><\/span><\/div><\/div><\/div><\/a><\/div>\n\n\n\n<p>Les composantes\u00a0<strong><em>d\u2019administration BPAL<\/em><\/strong>\u00a0sont fournies par le biais d\u2019un acc\u00e8s utilisateur s\u00e9curis\u00e9 permettant \u00e0 un utilisateur autoris\u00e9 d\u2019ex\u00e9cuter des fonctions d\u2019administration et de gestion comme l\u2019\u00e9tablissement de fournisseurs, de produits, de contrats, de types de paiement, de taux de paiement, de cartes \u00e0 code-barres, etc.<\/p>\n\n\n\n<p><strong><u>Fonctionnalit\u00e9s administratives BPAL incorpor\u00e9es :<\/u> <\/strong><\/p>\n\n\n\n<p><strong>Tables principales<\/strong><\/p>\n\n\n\n<p>Fonctionnalit\u00e9, <strong><em>cr\u00e9ation et maintenance<\/em><\/strong> de tables de base de donn\u00e9es pour une multitude de param\u00e8tres comme l&rsquo;ID fournisseur, l&rsquo;ID op\u00e9rateur, les types de produits et leurs codes, etc.<\/p>\n\n\n\n<p><strong>Achat de mati\u00e8res premi\u00e8res en vrac\u00a0<\/strong><\/p>\n\n\n\n<p>Fonctionnalit\u00e9s<\/p>\n\n\n\n<p>&#8211;\u00a0<strong><em>cr\u00e9ation de contrats fournisseur \/ transporteur<\/em><\/strong> pour d\u00e9finir des param\u00e8tres standardis\u00e9s sp\u00e9cifiques au client qui sont ensuite extraits des tables principales appropri\u00e9es pendant le processus de cr\u00e9ation du contrat. Gr\u00e2ce au format de contrat normalis\u00e9, la personnalisation d\u2019un client particulier est bas\u00e9e sur les r\u00e8gles commerciales pr\u00e9cises d\u2019une gestion des installations qui deviennent des m\u00e9thodes int\u00e9gr\u00e9es BPAL; ces m\u00e9thodes sont ensuite disponibles pour le processus de cr\u00e9ation de contrat. Les r\u00e8gles commerciales types des contrats permettent de s\u00e9lectionner plusieurs taux pour un tableau de p\u00e9riodes multiples mapp\u00e9, des profils de produit, une quantit\u00e9, une unit\u00e9 de mesure, le choix des m\u00e9thodes d\u2019\u00e9chantillonnage correspondant chacune \u00e0 un cycle de fr\u00e9quence espac\u00e9 explicitement d\u00e9fini.<\/p>\n\n\n\n<h3 class=\"wp-block-heading\"><strong>Cr\u00e9ation de transactions de livraison de mati\u00e8res premi\u00e8res<\/strong><\/h3>\n\n\n\n<p>Fonctionnalit\u00e9s<\/p>\n\n\n\n<p><strong><em><strong><em>Une transaction de livraison\u00a0est imm\u00e9diatement cr\u00e9\u00e9e<\/em><\/strong>\u00a0<\/em><\/strong>apr\u00e8s l\u2019ach\u00e8vement du processus de cycle de pes\u00e9e du v\u00e9hicule entrant. Celle-ci est ensuite stock\u00e9e dans la\u00a0<strong>base de\u00a0donn\u00e9es des transactions.<\/strong> D\u2019autres donn\u00e9es associ\u00e9es, provenant de plusieurs sources d\u2019\u00e9v\u00e9nements de transaction associ\u00e9es, sont ensuite progressivement publi\u00e9es dans la base de donn\u00e9es des transactions.<\/p>\n\n\n\n<p>Voici des exemples d&rsquo;\u00e9v\u00e9nements de transaction:<\/p>\n\n\n\n<ul class=\"wp-block-list\"><li>Le cycle de traitement <strong><em>de pes\u00e9e entrant\/sortant<\/em><\/strong> g\u00e9n\u00e8re un \u00e9l\u00e9ment de donn\u00e9es de poids qui est ins\u00e9r\u00e9 dans son enregistrement de transaction correspondant, ce qui permet de calculer le poids brut re\u00e7u par l&rsquo;installation. Pour cet \u00e9v\u00e9nement de transaction, le calcul qui pourrait \u00eatre effectu\u00e9\u00a0serait les poids des v\u00e9hicules mesur\u00e9s entrants moins sortants pour la r\u00e9ception des mati\u00e8res premi\u00e8res en vrac et l&rsquo;inverse pour la livraison externe sortante d&rsquo;autres stocks.<\/li><li><strong><em><strong><em>L&rsquo;\u00e9valuation des contaminants <\/em><\/strong><\/em><\/strong>\u00e0 l&rsquo;aide d&rsquo;\u00e9chantillons extraits dont la s\u00e9lection est d\u00e9riv\u00e9e \u00e0 l&rsquo;aide d&rsquo;une m\u00e9thode de cycle de livraison. Les \u00e9chantillons sont examin\u00e9s dans un laboratoire \u00e0 l&rsquo;aide de protocoles de test s\u00e9lectionnables par le client pour \u00e9valuer les quantit\u00e9s de contenu en pourcentage pour des contaminants sp\u00e9cifiquement d\u00e9finis. Les r\u00e9sultats sont ensuite utilis\u00e9s selon des r\u00e8gles commerciales particuli\u00e8res au client qui r\u00e9gissent les calculs de paiement et qui ont \u00e9t\u00e9 d\u00e9termin\u00e9es par type de produit.<\/li><li><strong><em>Calcul du paiement<\/em><\/strong> selon la p\u00e9riode choisie, notamment hebdomadaire, bihebdomadaire, mensuelle ou tout autre format de p\u00e9riode. BPAL dispose d\u2019algorithmes d\u2019\u00e9chantillonnage propri\u00e9taires qui s\u00e9lectionnent des \u00e9chantillons pour les tests. Ce processus est appliqu\u00e9 \u00e0 chaque groupe d\u2019\u00e9chantillons du fournisseur ainsi r\u00e9cup\u00e9r\u00e9 et r\u00e9duit consid\u00e9rablement les cycles de test en laboratoire. Les r\u00e9sultats d\u00e9riv\u00e9s de tous les tests d\u2019\u00e9chantillons cibl\u00e9s de chaque fournisseur sont utilis\u00e9s pour g\u00e9n\u00e9rer des moyennes simples, pond\u00e9r\u00e9es ou mobiles. La m\u00e9thode de calcul de la moyenne s\u00e9lectionn\u00e9e par le fournisseur est utilis\u00e9e par un calculateur de transaction g\u00e9n\u00e9rique pour d\u00e9terminer le paiement de l\u2019ensemble de transactions correspondant du fournisseur.<\/li><li><strong><em>Corrections de transaction <\/em><\/strong>peuvent \u00eatre r\u00e9clam\u00e9es par un utilisateur autoris\u00e9.\u00a0Lors de la d\u00e9tection d\u2019une correction, BPAL cr\u00e9e automatiquement une note de cr\u00e9dit pour annuler la facture d\u2019origine et un d\u00e9bit en tant que nouvelle facture de remplacement.\u00a0Ce cycle se poursuit ind\u00e9finiment et en toute transparence pendant les p\u00e9riodes de paiement.\u00a0Tout est automatis\u00e9 pour refl\u00e9ter la r\u00e9alit\u00e9 actuelle.\u00a0Toutes les donn\u00e9es de ces \u00e9v\u00e9nements sont enregistr\u00e9es afin de permettre des audits, le cas \u00e9ch\u00e9ant, pour examiner la cause et la raison afin de comprendre le r\u00e9sultat.<\/li><\/ul>\n\n\n\n<h3 class=\"wp-block-heading\"><strong><strong>Renseignements d\u2019affaires<\/strong><\/strong><\/h3>\n\n\n\n<p>Fonctionnalit\u00e9s<\/p>\n\n\n\n<p>&#8211; <strong><em><strong><em>les renseignements sont des\u00a0<\/em><\/strong>atouts. <\/em><\/strong>Leur disponibilit\u00e9 en temps opportun devient un atout li\u00e9. BPAL traite ces deux consid\u00e9rations avec une grande rigueur. Par cons\u00e9quent, il existe de nombreuses fonctionnalit\u00e9s d\u2019acc\u00e8s aux renseignements dans BPAL.<\/p>\n\n\n\n<p>Voici des exemples d&rsquo;\u00e9v\u00e9nements d&rsquo;acc\u00e8s ou de transfert de renseignements\u00a0:<\/p>\n\n\n\n<ul class=\"wp-block-list\"><li><strong><em><strong><em>Acc\u00e8s \u00e0 la recherche de renseignements en ligne\u00a0<\/em><\/strong><\/em><\/strong>par le personnel autoris\u00e9 \u00e0 l\u2019aide de dispositifs informatiques sur le r\u00e9seau de l\u2019installation et connect\u00e9s au serveur de BPAL. Ces acc\u00e8s affichent les d\u00e9tails dans un format pr\u00e9cis qui correspond aux param\u00e8tres d\u2019entr\u00e9e utilisateur s\u00e9lectionn\u00e9s d\u00e9riv\u00e9s en faisant appel \u00e0 l\u2019une des nombreuses m\u00e9thodes d\u2019acc\u00e8s incorpor\u00e9es dans BPAL<\/li><li><strong><em><strong><em>L\u2019acc\u00e8s \u00e0 la recherche de renseignements <\/em><\/strong><\/em><\/strong>d\u00e9clench\u00e9 par des appareils distants,\u00a0notamment par des t\u00e9l\u00e9phones mobiles et des ordinateurs portables distants, etc., qui doivent tous \u00eatre attribu\u00e9s au personnel autoris\u00e9 et dont toutes les mesures de s\u00e9curit\u00e9 sont prot\u00e9g\u00e9es par des techniques de cryptage.<\/li><li><strong><em><strong><em>Transfert de renseignements<\/em><\/strong><\/em><\/strong>\u00a0vers des destinations externes qui sont toutes inscrites sous le segment de s\u00e9curit\u00e9 pour cette fonction. Le transfert de renseignements est automatiquement ex\u00e9cut\u00e9 en fonction de la planification de la date et de l\u2019heure et est envoy\u00e9 par courriel au personnel sp\u00e9cifique et autoris\u00e9 et\/ou aux entit\u00e9s commerciales externes autoris\u00e9es.<\/li><li><strong><em>Les rapports sur sont disponibles en temps r\u00e9el<\/em><\/strong> et sont accessibles aux utilisateurs distants locaux autoris\u00e9s.<\/li><li><strong><em><strong><em>Planificateur pour la livraison de renseignements aux destinataires internes et\/ou externes.\u00a0<\/em><\/strong><\/em><\/strong>La livraison\u00a0de renseignements\u00a0\u00e0 l\u2019aide du planificateur peut \u00eatre transf\u00e9r\u00e9e sous diff\u00e9rents formats, notamment des rapports et\/ou des courriels. Tous ces transferts sont contr\u00f4l\u00e9s par des attributions de date et d\u2019heure pr\u00e9d\u00e9finies qui sont ins\u00e9r\u00e9es par le personnel autoris\u00e9 dans le profil de param\u00e8tre du planificateur. De plus, on utilise le planificateur pour d\u00e9clencher une multitude de fonctionnalit\u00e9s op\u00e9rationnelles et\/ou administratives \u00e0 ex\u00e9cuter selon des param\u00e8tres de date et d\u2019heure pr\u00e9cis, le tout \u00e9tant contr\u00f4l\u00e9 par le personnel administratif autoris\u00e9.<\/li><li><strong><em>La connectivit\u00e9 aux syst\u00e8mes d&rsquo;entreprise<\/em><\/strong> utilisant des chemins WAN permet aux renseignements autoris\u00e9s par l\u2019utilisateur d\u2019\u00eatre transf\u00e9r\u00e9s vers un autre syst\u00e8me d\u2019entreprise distant.<\/li><\/ul>\n\n\n\n&nbsp;\n\n\n\n<hr class=\"wp-block-separator has-text-color has-background has-gray-background-color has-gray-color is-style-wide\"\/>\n","protected":false},"excerpt":{"rendered":"<p>Les composantes\u00a0d\u2019administration BPAL\u00a0sont fournies par le biais d\u2019un acc\u00e8s utilisateur s\u00e9curis\u00e9 permettant \u00e0 un utilisateur autoris\u00e9 d\u2019ex\u00e9cuter des fonctions d\u2019administration et de gestion comme l\u2019\u00e9tablissement de fournisseurs, de produits, de contrats, de types de paiement, de taux de paiement, de cartes \u00e0 code-barres, etc. Fonctionnalit\u00e9s administratives BPAL incorpor\u00e9es : Tables principales Fonctionnalit\u00e9, cr\u00e9ation et maintenance [&hellip;]<\/p>\n","protected":false},"author":3,"featured_media":0,"parent":0,"menu_order":0,"comment_status":"closed","ping_status":"closed","template":"","meta":{"wpm_timeformat":"","_wpm_styles":"","footnotes":""},"class_list":["post-406","page","type-page","status-publish","hentry"],"yoast_head":"<!-- This site is optimized with the Yoast SEO plugin v19.10 - https:\/\/yoast.com\/wordpress\/plugins\/seo\/ -->\n<title>Administration BPAL - Circuit Design Corporation<\/title>\n<meta name=\"robots\" content=\"index, follow, max-snippet:-1, max-image-preview:large, max-video-preview:-1\" \/>\n<link rel=\"canonical\" href=\"https:\/\/cdcorp.ca\/fr\/administration-bpal\/\" \/>\n<meta property=\"og:locale\" content=\"fr_FR\" \/>\n<meta property=\"og:type\" content=\"article\" \/>\n<meta property=\"og:title\" content=\"Administration BPAL - Circuit Design Corporation\" \/>\n<meta property=\"og:description\" content=\"Les composantes\u00a0d\u2019administration BPAL\u00a0sont fournies par le biais d\u2019un acc\u00e8s utilisateur s\u00e9curis\u00e9 permettant \u00e0 un utilisateur autoris\u00e9 d\u2019ex\u00e9cuter des fonctions d\u2019administration et de gestion comme l\u2019\u00e9tablissement de fournisseurs, de produits, de contrats, de types de paiement, de taux de paiement, de cartes \u00e0 code-barres, etc. Fonctionnalit\u00e9s administratives BPAL incorpor\u00e9es : Tables principales Fonctionnalit\u00e9, cr\u00e9ation et maintenance [&hellip;]\" \/>\n<meta property=\"og:url\" content=\"https:\/\/cdcorp.ca\/fr\/administration-bpal\/\" \/>\n<meta property=\"og:site_name\" content=\"Circuit Design Corporation\" \/>\n<meta property=\"article:modified_time\" content=\"2021-04-16T13:49:51+00:00\" \/>\n<meta property=\"og:image\" content=\"https:\/\/cdcorp.ca\/wp-content\/uploads\/2021\/01\/Mill_Imge2-1.jpg\" \/>\n<meta name=\"twitter:card\" content=\"summary_large_image\" \/>\n<meta name=\"twitter:label1\" content=\"Dur\u00e9e de lecture estim\u00e9e\" \/>\n\t<meta name=\"twitter:data1\" content=\"6 minutes\" \/>\n<script type=\"application\/ld+json\" class=\"yoast-schema-graph\">{\"@context\":\"https:\/\/schema.org\",\"@graph\":[{\"@type\":\"WebPage\",\"@id\":\"https:\/\/cdcorp.ca\/fr\/administration-bpal\/\",\"url\":\"https:\/\/cdcorp.ca\/fr\/administration-bpal\/\",\"name\":\"Administration BPAL - Circuit Design Corporation\",\"isPartOf\":{\"@id\":\"https:\/\/cdcorp.ca\/#website\"},\"datePublished\":\"2021-02-06T18:44:59+00:00\",\"dateModified\":\"2021-04-16T13:49:51+00:00\",\"breadcrumb\":{\"@id\":\"https:\/\/cdcorp.ca\/fr\/administration-bpal\/#breadcrumb\"},\"inLanguage\":\"fr-FR\",\"potentialAction\":[{\"@type\":\"ReadAction\",\"target\":[\"https:\/\/cdcorp.ca\/fr\/administration-bpal\/\"]}]},{\"@type\":\"BreadcrumbList\",\"@id\":\"https:\/\/cdcorp.ca\/fr\/administration-bpal\/#breadcrumb\",\"itemListElement\":[{\"@type\":\"ListItem\",\"position\":1,\"name\":\"Home\",\"item\":\"https:\/\/cdcorp.ca\/fr\/\"},{\"@type\":\"ListItem\",\"position\":2,\"name\":\"Administration BPAL\"}]},{\"@type\":\"WebSite\",\"@id\":\"https:\/\/cdcorp.ca\/#website\",\"url\":\"https:\/\/cdcorp.ca\/\",\"name\":\"Circuit Design Corporation\",\"description\":\"Automatisation et administration BPAL\",\"publisher\":{\"@id\":\"https:\/\/cdcorp.ca\/#organization\"},\"potentialAction\":[{\"@type\":\"SearchAction\",\"target\":{\"@type\":\"EntryPoint\",\"urlTemplate\":\"https:\/\/cdcorp.ca\/?s={search_term_string}\"},\"query-input\":\"required name=search_term_string\"}],\"inLanguage\":\"fr-FR\"},{\"@type\":\"Organization\",\"@id\":\"https:\/\/cdcorp.ca\/#organization\",\"name\":\"Circuit Design Corporation\",\"url\":\"https:\/\/cdcorp.ca\/\",\"logo\":{\"@type\":\"ImageObject\",\"inLanguage\":\"fr-FR\",\"@id\":\"https:\/\/cdcorp.ca\/#\/schema\/logo\/image\/\",\"url\":\"https:\/\/cdcorp.ca\/wp-content\/uploads\/2021\/04\/CDC-Logo-493x134-1.png\",\"contentUrl\":\"https:\/\/cdcorp.ca\/wp-content\/uploads\/2021\/04\/CDC-Logo-493x134-1.png\",\"width\":493,\"height\":134,\"caption\":\" Circuit Design Corporation\"},\"image\":{\"@id\":\"https:\/\/cdcorp.ca\/#\/schema\/logo\/image\/\"}}]}<\/script>\n<!-- \/ Yoast SEO plugin. -->","yoast_head_json":{"title":"Administration BPAL - Circuit Design Corporation","robots":{"index":"index","follow":"follow","max-snippet":"max-snippet:-1","max-image-preview":"max-image-preview:large","max-video-preview":"max-video-preview:-1"},"canonical":"https:\/\/cdcorp.ca\/fr\/administration-bpal\/","og_locale":"fr_FR","og_type":"article","og_title":"Administration BPAL - Circuit Design Corporation","og_description":"Les composantes\u00a0d\u2019administration BPAL\u00a0sont fournies par le biais d\u2019un acc\u00e8s utilisateur s\u00e9curis\u00e9 permettant \u00e0 un utilisateur autoris\u00e9 d\u2019ex\u00e9cuter des fonctions d\u2019administration et de gestion comme l\u2019\u00e9tablissement de fournisseurs, de produits, de contrats, de types de paiement, de taux de paiement, de cartes \u00e0 code-barres, etc. Fonctionnalit\u00e9s administratives BPAL incorpor\u00e9es : Tables principales Fonctionnalit\u00e9, cr\u00e9ation et maintenance [&hellip;]","og_url":"https:\/\/cdcorp.ca\/fr\/administration-bpal\/","og_site_name":"Circuit Design Corporation","article_modified_time":"2021-04-16T13:49:51+00:00","og_image":[{"url":"https:\/\/cdcorp.ca\/wp-content\/uploads\/2021\/01\/Mill_Imge2-1.jpg"}],"twitter_card":"summary_large_image","twitter_misc":{"Dur\u00e9e de lecture estim\u00e9e":"6 minutes"},"schema":{"@context":"https:\/\/schema.org","@graph":[{"@type":"WebPage","@id":"https:\/\/cdcorp.ca\/fr\/administration-bpal\/","url":"https:\/\/cdcorp.ca\/fr\/administration-bpal\/","name":"Administration BPAL - Circuit Design Corporation","isPartOf":{"@id":"https:\/\/cdcorp.ca\/#website"},"datePublished":"2021-02-06T18:44:59+00:00","dateModified":"2021-04-16T13:49:51+00:00","breadcrumb":{"@id":"https:\/\/cdcorp.ca\/fr\/administration-bpal\/#breadcrumb"},"inLanguage":"fr-FR","potentialAction":[{"@type":"ReadAction","target":["https:\/\/cdcorp.ca\/fr\/administration-bpal\/"]}]},{"@type":"BreadcrumbList","@id":"https:\/\/cdcorp.ca\/fr\/administration-bpal\/#breadcrumb","itemListElement":[{"@type":"ListItem","position":1,"name":"Home","item":"https:\/\/cdcorp.ca\/fr\/"},{"@type":"ListItem","position":2,"name":"Administration BPAL"}]},{"@type":"WebSite","@id":"https:\/\/cdcorp.ca\/#website","url":"https:\/\/cdcorp.ca\/","name":"Circuit Design Corporation","description":"Automatisation et administration BPAL","publisher":{"@id":"https:\/\/cdcorp.ca\/#organization"},"potentialAction":[{"@type":"SearchAction","target":{"@type":"EntryPoint","urlTemplate":"https:\/\/cdcorp.ca\/?s={search_term_string}"},"query-input":"required name=search_term_string"}],"inLanguage":"fr-FR"},{"@type":"Organization","@id":"https:\/\/cdcorp.ca\/#organization","name":"Circuit Design Corporation","url":"https:\/\/cdcorp.ca\/","logo":{"@type":"ImageObject","inLanguage":"fr-FR","@id":"https:\/\/cdcorp.ca\/#\/schema\/logo\/image\/","url":"https:\/\/cdcorp.ca\/wp-content\/uploads\/2021\/04\/CDC-Logo-493x134-1.png","contentUrl":"https:\/\/cdcorp.ca\/wp-content\/uploads\/2021\/04\/CDC-Logo-493x134-1.png","width":493,"height":134,"caption":" Circuit Design Corporation"},"image":{"@id":"https:\/\/cdcorp.ca\/#\/schema\/logo\/image\/"}}]}},"_links":{"self":[{"href":"https:\/\/cdcorp.ca\/fr\/wp-json\/wp\/v2\/pages\/406","targetHints":{"allow":["GET"]}}],"collection":[{"href":"https:\/\/cdcorp.ca\/fr\/wp-json\/wp\/v2\/pages"}],"about":[{"href":"https:\/\/cdcorp.ca\/fr\/wp-json\/wp\/v2\/types\/page"}],"author":[{"embeddable":true,"href":"https:\/\/cdcorp.ca\/fr\/wp-json\/wp\/v2\/users\/3"}],"replies":[{"embeddable":true,"href":"https:\/\/cdcorp.ca\/fr\/wp-json\/wp\/v2\/comments?post=406"}],"version-history":[{"count":5,"href":"https:\/\/cdcorp.ca\/fr\/wp-json\/wp\/v2\/pages\/406\/revisions"}],"predecessor-version":[{"id":591,"href":"https:\/\/cdcorp.ca\/fr\/wp-json\/wp\/v2\/pages\/406\/revisions\/591"}],"wp:attachment":[{"href":"https:\/\/cdcorp.ca\/fr\/wp-json\/wp\/v2\/media?parent=406"}],"curies":[{"name":"wp","href":"https:\/\/api.w.org\/{rel}","templated":true}]}}