{"id":408,"date":"2021-02-06T21:00:15","date_gmt":"2021-02-06T21:00:15","guid":{"rendered":"https:\/\/cdcorp.ca\/?page_id=408"},"modified":"2021-04-16T13:55:27","modified_gmt":"2021-04-16T13:55:27","slug":"les-industries","status":"publish","type":"page","link":"https:\/\/cdcorp.ca\/fr\/les-industries\/","title":{"rendered":"Les industries"},"content":{"rendered":"\n<div class=\"wp-block-getwid-banner has-animation-style3 has-text-animation-opacity-bottom alignfull\"><a href=\"#\" class=\"wp-block-getwid-banner__link\"><div class=\"wp-block-getwid-banner__wrapper\"><img loading=\"lazy\" decoding=\"async\" width=\"2000\" height=\"546\" src=\"https:\/\/cdcorp.ca\/wp-content\/uploads\/2021\/01\/industries.jpg\" alt=\"\" class=\"wp-block-getwid-banner__image wp-block-getwid-banner__source wp-image-382\" srcset=\"https:\/\/cdcorp.ca\/wp-content\/uploads\/2021\/01\/industries.jpg 2000w, https:\/\/cdcorp.ca\/wp-content\/uploads\/2021\/01\/industries-300x82.jpg 300w, https:\/\/cdcorp.ca\/wp-content\/uploads\/2021\/01\/industries-1024x280.jpg 1024w, https:\/\/cdcorp.ca\/wp-content\/uploads\/2021\/01\/industries-768x210.jpg 768w, https:\/\/cdcorp.ca\/wp-content\/uploads\/2021\/01\/industries-1536x419.jpg 1536w, https:\/\/cdcorp.ca\/wp-content\/uploads\/2021\/01\/industries-938x256.jpg 938w, https:\/\/cdcorp.ca\/wp-content\/uploads\/2021\/01\/industries-1130x308.jpg 1130w\" sizes=\"auto, (max-width: 2000px) 100vw, 2000px\" \/><div class=\"wp-block-getwid-banner__caption\"><div class=\"wp-block-getwid-banner__caption-wrapper\"><span class=\"wp-block-getwid-banner__title\"><strong>LES INDUSTRIES<\/strong><\/span><\/div><\/div><\/div><\/a><\/div>\n\n\n\n<p><strong><em>BPAL est un syst\u00e8me informatis\u00e9<\/em><\/strong> de collecte de donn\u00e9es, de contr\u00f4le de processus et d\u2019information sur la gestion\u00a0d\u00e9velopp\u00e9 pour servir des domaines de fabrication particuliers<\/p>\n\n\n\n<h2 class=\"alignfull has-light-gray-background-color has-background wp-block-heading\">Domaines d&rsquo;application<\/h2>\n\n\n\n<p>Applicable pour une utilisation par une vari\u00e9t\u00e9 d\u2019industries, notamment :<\/p>\n\n\n\n<ul class=\"wp-block-list\"><li>Bio\u00e9nergie<\/li><li>Biocarburant<\/li><li>P\u00e2tes et papier<\/li><li>Pastille<\/li><li>Gestion des d\u00e9chets (multisectorielle)<\/li><li>Agriculture<\/li><li>Entreprises de transformation d\u2019aliments\u00a0<\/li><\/ul>\n\n\n\n<h2 class=\"alignfull has-light-gray-background-color has-background wp-block-heading\">Objectifs commerciaux<\/h2>\n\n\n\n<p>Un ensemble<strong>\u00a0d\u2019objectifs commerciaux\u00a0<\/strong>s\u2019applique aux industries vis\u00e9es, en voici une liste\u00a0:<\/p>\n\n\n\n<ul class=\"wp-block-list\"><li>Enregistrer le mouvement du trafic entrant\/sortant et distribuer les renseignements aux utilisateurs autoris\u00e9s.<\/li><li>Contr\u00f4ler l&rsquo;acc\u00e8s sans surveillance aux cours et l&rsquo;acc\u00e8s aux points de livraison des stocks dans la cour.<\/li><li>Informatiser des \u00e9v\u00e9nements de pesage de la balance entrante \/ sortante pour le poids de capture pr\u00e9cis de la mati\u00e8re premi\u00e8re en vrac re\u00e7ue.<\/li><li>Cr\u00e9er des protocoles de test de donn\u00e9es de qualit\u00e9 appropri\u00e9s. Automatiser leur ex\u00e9cution et la capture ult\u00e9rieure des donn\u00e9es \u00e9manant de l&rsquo;analyse en laboratoire des \u00e9chantillons de mati\u00e8res premi\u00e8res.<\/li><li>Regrouper les donn\u00e9es d&rsquo;une op\u00e9ration de pesage avec les r\u00e9sultats correspondants des donn\u00e9es de laboratoire de mati\u00e8res premi\u00e8res pour former une transaction fournisseur unique.<\/li><li>Avertir ou alerter les parties par la transmission automatis\u00e9e d&rsquo;avis lorsque les donn\u00e9es de transaction enfreignent les normes et\/ou les tol\u00e9rances \u00e9tablies.<\/li><li>Traiter les transactions pour le paiement, effectuer le calcul du cr\u00e9dit si n\u00e9cessaire et archiver les transactions dans l&rsquo;historique.<\/li><li>Transf\u00e9rer les transactions termin\u00e9es vers le centre de paiement pour le traitement des paiements.<\/li><li>\u00c0 la suite des op\u00e9rations de pes\u00e9e, contr\u00f4ler les \u00e9v\u00e9nements de d\u00e9versement de mati\u00e8res premi\u00e8res au niveau des piles d&rsquo;inventaire pour \u00e9viter le m\u00e9lange des esp\u00e8ces.<\/li><li>Suivre et maintenir les donn\u00e9es de stockage \u00e0 un ou plusieurs emplacements.<\/li><li>Traiter les transactions de vente de biens vendus (par exemple : revente de mati\u00e8re premi\u00e8re transform\u00e9es)<\/li><li>Assurer la collecte en temps opportun de tous les renseignements, leur traitement, leur stockage et leur r\u00e9cup\u00e9ration afin que les utilisateurs ex\u00e9cutent efficacement leurs t\u00e2ches.<\/li><\/ul>\n\n\n\n<p>Toutes ces m\u00e9thodes d\u2019exploitation\u00a0respectent les normes \u00e9tablies dans les contrats, les d\u00e9finitions de produits, les m\u00e9thodes de transport par transporteur et d&rsquo;autres param\u00e8tres qui permettent la validation d&rsquo;une transaction, qui respectent tous les r\u00e8gles et r\u00e9glementations relatives aux relations commerciales avec un fournisseur.<\/p>\n\n\n\n<h2 class=\"alignfull has-light-gray-background-color has-background wp-block-heading\">Technologie<\/h2>\n\n\n\n<ul class=\"wp-block-list\"><li><strong><em>L&rsquo;environnement op\u00e9rationnel bas\u00e9 sur Windows<\/em><\/strong> inclut l&rsquo;utilisation de MSQL comme base de donn\u00e9es relationnelle de BPAL et est compatible avec ODBC.\u00a0<\/li><li><strong><em>La conception op\u00e9rationnelle de BPAL<\/em><\/strong> est conforme au concept architectural du mod\u00e8le client \/ serveur et fonctionne sur les r\u00e9seaux LAN des installations existantes.\u00a0<\/li><li><strong><em>Connectivit\u00e9 externe aux syst\u00e8mes d&rsquo;entreprise<\/em><\/strong> utilisant la technologie WAN d&rsquo;entreprise.\u00a0<\/li><li><strong><em>Technologie de code-barres<\/em><\/strong> utilis\u00e9e pour tous les mouvements et acc\u00e8s d&rsquo;\u00e9v\u00e9nements en temps r\u00e9el.\u00a0<\/li><li><strong><em>BPAL est con\u00e7u pour s&rsquo;interfacer<\/em><\/strong> avec tous les p\u00e9riph\u00e9riques mat\u00e9riels existants et tester l&rsquo;instrumentation existant \u00e0 l&rsquo;un des n\u0153uds de flux de travail BPAL LAN actifs nouvellement cr\u00e9\u00e9s, et qui ont la capacit\u00e9 de connectivit\u00e9 informatis\u00e9e.\u00a0Cela permet la conversion \u00e0 l&rsquo;automatisation le cas \u00e9ch\u00e9ant<strong><em>.<\/em><\/strong><\/li><\/ul>\n\n\n\n<p><strong><em>BPAL est activ\u00e9 dans plusieurs langues <\/em><\/strong>de sorte que l\u2019interaction utilisateur-BPAL peut \u00eatre dans l\u2019une des deux langues offertes.\u00a0L\u2019interaction des utilisateurs, chacun connect\u00e9 avec un appareil distinct, chacun peut \u00eatre desservi par l\u2019une des deux langues natives, le tout pouvant se d\u00e9rouler simultan\u00e9ment.<\/p>\n\n\n\n&nbsp;\n\n\n\n<hr class=\"wp-block-separator is-style-wide\"\/>\n\n\n\n<hr class=\"wp-block-separator alignfull has-text-color has-background has-gray-background-color has-gray-color is-style-wide\"\/>\n","protected":false},"excerpt":{"rendered":"<p>BPAL est un syst\u00e8me informatis\u00e9 de collecte de donn\u00e9es, de contr\u00f4le de processus et d\u2019information sur la gestion\u00a0d\u00e9velopp\u00e9 pour servir des domaines de fabrication particuliers Domaines d&rsquo;application Applicable pour une utilisation par une vari\u00e9t\u00e9 d\u2019industries, notamment : Bio\u00e9nergie Biocarburant P\u00e2tes et papier Pastille Gestion des d\u00e9chets (multisectorielle) Agriculture Entreprises de transformation d\u2019aliments\u00a0 Objectifs commerciaux Un [&hellip;]<\/p>\n","protected":false},"author":3,"featured_media":0,"parent":0,"menu_order":0,"comment_status":"closed","ping_status":"closed","template":"","meta":{"wpm_timeformat":"","_wpm_styles":"","footnotes":""},"class_list":["post-408","page","type-page","status-publish","hentry"],"yoast_head":"<!-- This site is optimized with the Yoast SEO plugin v19.10 - https:\/\/yoast.com\/wordpress\/plugins\/seo\/ -->\n<title>Les industries - Circuit Design Corporation<\/title>\n<meta name=\"robots\" content=\"index, follow, max-snippet:-1, max-image-preview:large, max-video-preview:-1\" \/>\n<link rel=\"canonical\" href=\"https:\/\/cdcorp.ca\/fr\/les-industries\/\" \/>\n<meta property=\"og:locale\" content=\"fr_FR\" \/>\n<meta property=\"og:type\" content=\"article\" \/>\n<meta property=\"og:title\" content=\"Les industries - Circuit Design Corporation\" \/>\n<meta property=\"og:description\" content=\"BPAL est un syst\u00e8me informatis\u00e9 de collecte de donn\u00e9es, de contr\u00f4le de processus et d\u2019information sur la gestion\u00a0d\u00e9velopp\u00e9 pour servir des domaines de fabrication particuliers Domaines d&rsquo;application Applicable pour une utilisation par une vari\u00e9t\u00e9 d\u2019industries, notamment : Bio\u00e9nergie Biocarburant P\u00e2tes et papier Pastille Gestion des d\u00e9chets (multisectorielle) Agriculture Entreprises de transformation d\u2019aliments\u00a0 Objectifs commerciaux Un [&hellip;]\" \/>\n<meta property=\"og:url\" content=\"https:\/\/cdcorp.ca\/fr\/les-industries\/\" \/>\n<meta property=\"og:site_name\" content=\"Circuit Design Corporation\" \/>\n<meta property=\"article:modified_time\" content=\"2021-04-16T13:55:27+00:00\" \/>\n<meta property=\"og:image\" content=\"https:\/\/cdcorp.ca\/wp-content\/uploads\/2021\/01\/industries.jpg\" \/>\n<meta name=\"twitter:card\" content=\"summary_large_image\" \/>\n<meta name=\"twitter:label1\" content=\"Dur\u00e9e de lecture estim\u00e9e\" \/>\n\t<meta name=\"twitter:data1\" content=\"3 minutes\" \/>\n<script type=\"application\/ld+json\" class=\"yoast-schema-graph\">{\"@context\":\"https:\/\/schema.org\",\"@graph\":[{\"@type\":\"WebPage\",\"@id\":\"https:\/\/cdcorp.ca\/fr\/les-industries\/\",\"url\":\"https:\/\/cdcorp.ca\/fr\/les-industries\/\",\"name\":\"Les industries - Circuit Design Corporation\",\"isPartOf\":{\"@id\":\"https:\/\/cdcorp.ca\/#website\"},\"datePublished\":\"2021-02-06T21:00:15+00:00\",\"dateModified\":\"2021-04-16T13:55:27+00:00\",\"breadcrumb\":{\"@id\":\"https:\/\/cdcorp.ca\/fr\/les-industries\/#breadcrumb\"},\"inLanguage\":\"fr-FR\",\"potentialAction\":[{\"@type\":\"ReadAction\",\"target\":[\"https:\/\/cdcorp.ca\/fr\/les-industries\/\"]}]},{\"@type\":\"BreadcrumbList\",\"@id\":\"https:\/\/cdcorp.ca\/fr\/les-industries\/#breadcrumb\",\"itemListElement\":[{\"@type\":\"ListItem\",\"position\":1,\"name\":\"Home\",\"item\":\"https:\/\/cdcorp.ca\/fr\/\"},{\"@type\":\"ListItem\",\"position\":2,\"name\":\"Les industries\"}]},{\"@type\":\"WebSite\",\"@id\":\"https:\/\/cdcorp.ca\/#website\",\"url\":\"https:\/\/cdcorp.ca\/\",\"name\":\"Circuit Design Corporation\",\"description\":\"Automatisation et administration BPAL\",\"publisher\":{\"@id\":\"https:\/\/cdcorp.ca\/#organization\"},\"potentialAction\":[{\"@type\":\"SearchAction\",\"target\":{\"@type\":\"EntryPoint\",\"urlTemplate\":\"https:\/\/cdcorp.ca\/?s={search_term_string}\"},\"query-input\":\"required name=search_term_string\"}],\"inLanguage\":\"fr-FR\"},{\"@type\":\"Organization\",\"@id\":\"https:\/\/cdcorp.ca\/#organization\",\"name\":\"Circuit Design Corporation\",\"url\":\"https:\/\/cdcorp.ca\/\",\"logo\":{\"@type\":\"ImageObject\",\"inLanguage\":\"fr-FR\",\"@id\":\"https:\/\/cdcorp.ca\/#\/schema\/logo\/image\/\",\"url\":\"https:\/\/cdcorp.ca\/wp-content\/uploads\/2021\/04\/CDC-Logo-493x134-1.png\",\"contentUrl\":\"https:\/\/cdcorp.ca\/wp-content\/uploads\/2021\/04\/CDC-Logo-493x134-1.png\",\"width\":493,\"height\":134,\"caption\":\" Circuit Design Corporation\"},\"image\":{\"@id\":\"https:\/\/cdcorp.ca\/#\/schema\/logo\/image\/\"}}]}<\/script>\n<!-- \/ Yoast SEO plugin. -->","yoast_head_json":{"title":"Les industries - Circuit Design Corporation","robots":{"index":"index","follow":"follow","max-snippet":"max-snippet:-1","max-image-preview":"max-image-preview:large","max-video-preview":"max-video-preview:-1"},"canonical":"https:\/\/cdcorp.ca\/fr\/les-industries\/","og_locale":"fr_FR","og_type":"article","og_title":"Les industries - Circuit Design Corporation","og_description":"BPAL est un syst\u00e8me informatis\u00e9 de collecte de donn\u00e9es, de contr\u00f4le de processus et d\u2019information sur la gestion\u00a0d\u00e9velopp\u00e9 pour servir des domaines de fabrication particuliers Domaines d&rsquo;application Applicable pour une utilisation par une vari\u00e9t\u00e9 d\u2019industries, notamment : Bio\u00e9nergie Biocarburant P\u00e2tes et papier Pastille Gestion des d\u00e9chets (multisectorielle) Agriculture Entreprises de transformation d\u2019aliments\u00a0 Objectifs commerciaux Un [&hellip;]","og_url":"https:\/\/cdcorp.ca\/fr\/les-industries\/","og_site_name":"Circuit Design Corporation","article_modified_time":"2021-04-16T13:55:27+00:00","og_image":[{"url":"https:\/\/cdcorp.ca\/wp-content\/uploads\/2021\/01\/industries.jpg"}],"twitter_card":"summary_large_image","twitter_misc":{"Dur\u00e9e de lecture estim\u00e9e":"3 minutes"},"schema":{"@context":"https:\/\/schema.org","@graph":[{"@type":"WebPage","@id":"https:\/\/cdcorp.ca\/fr\/les-industries\/","url":"https:\/\/cdcorp.ca\/fr\/les-industries\/","name":"Les industries - Circuit Design Corporation","isPartOf":{"@id":"https:\/\/cdcorp.ca\/#website"},"datePublished":"2021-02-06T21:00:15+00:00","dateModified":"2021-04-16T13:55:27+00:00","breadcrumb":{"@id":"https:\/\/cdcorp.ca\/fr\/les-industries\/#breadcrumb"},"inLanguage":"fr-FR","potentialAction":[{"@type":"ReadAction","target":["https:\/\/cdcorp.ca\/fr\/les-industries\/"]}]},{"@type":"BreadcrumbList","@id":"https:\/\/cdcorp.ca\/fr\/les-industries\/#breadcrumb","itemListElement":[{"@type":"ListItem","position":1,"name":"Home","item":"https:\/\/cdcorp.ca\/fr\/"},{"@type":"ListItem","position":2,"name":"Les industries"}]},{"@type":"WebSite","@id":"https:\/\/cdcorp.ca\/#website","url":"https:\/\/cdcorp.ca\/","name":"Circuit Design Corporation","description":"Automatisation et administration BPAL","publisher":{"@id":"https:\/\/cdcorp.ca\/#organization"},"potentialAction":[{"@type":"SearchAction","target":{"@type":"EntryPoint","urlTemplate":"https:\/\/cdcorp.ca\/?s={search_term_string}"},"query-input":"required name=search_term_string"}],"inLanguage":"fr-FR"},{"@type":"Organization","@id":"https:\/\/cdcorp.ca\/#organization","name":"Circuit Design Corporation","url":"https:\/\/cdcorp.ca\/","logo":{"@type":"ImageObject","inLanguage":"fr-FR","@id":"https:\/\/cdcorp.ca\/#\/schema\/logo\/image\/","url":"https:\/\/cdcorp.ca\/wp-content\/uploads\/2021\/04\/CDC-Logo-493x134-1.png","contentUrl":"https:\/\/cdcorp.ca\/wp-content\/uploads\/2021\/04\/CDC-Logo-493x134-1.png","width":493,"height":134,"caption":" Circuit Design Corporation"},"image":{"@id":"https:\/\/cdcorp.ca\/#\/schema\/logo\/image\/"}}]}},"_links":{"self":[{"href":"https:\/\/cdcorp.ca\/fr\/wp-json\/wp\/v2\/pages\/408","targetHints":{"allow":["GET"]}}],"collection":[{"href":"https:\/\/cdcorp.ca\/fr\/wp-json\/wp\/v2\/pages"}],"about":[{"href":"https:\/\/cdcorp.ca\/fr\/wp-json\/wp\/v2\/types\/page"}],"author":[{"embeddable":true,"href":"https:\/\/cdcorp.ca\/fr\/wp-json\/wp\/v2\/users\/3"}],"replies":[{"embeddable":true,"href":"https:\/\/cdcorp.ca\/fr\/wp-json\/wp\/v2\/comments?post=408"}],"version-history":[{"count":3,"href":"https:\/\/cdcorp.ca\/fr\/wp-json\/wp\/v2\/pages\/408\/revisions"}],"predecessor-version":[{"id":594,"href":"https:\/\/cdcorp.ca\/fr\/wp-json\/wp\/v2\/pages\/408\/revisions\/594"}],"wp:attachment":[{"href":"https:\/\/cdcorp.ca\/fr\/wp-json\/wp\/v2\/media?parent=408"}],"curies":[{"name":"wp","href":"https:\/\/api.w.org\/{rel}","templated":true}]}}