{"id":410,"date":"2021-02-06T21:07:15","date_gmt":"2021-02-06T21:07:15","guid":{"rendered":"https:\/\/cdcorp.ca\/?page_id=410"},"modified":"2021-05-04T15:39:24","modified_gmt":"2021-05-04T15:39:24","slug":"services","status":"publish","type":"page","link":"https:\/\/cdcorp.ca\/fr\/services\/","title":{"rendered":"Services"},"content":{"rendered":"\n<div class=\"wp-block-getwid-banner has-animation-style3 has-text-animation-opacity-bottom alignfull\"><a href=\"#\" class=\"wp-block-getwid-banner__link\"><div class=\"wp-block-getwid-banner__wrapper\"><img loading=\"lazy\" decoding=\"async\" width=\"2000\" height=\"613\" src=\"https:\/\/cdcorp.ca\/wp-content\/uploads\/2021\/01\/handshake.jpg\" alt=\"\" class=\"wp-block-getwid-banner__image wp-block-getwid-banner__source wp-image-380\" srcset=\"https:\/\/cdcorp.ca\/wp-content\/uploads\/2021\/01\/handshake.jpg 2000w, https:\/\/cdcorp.ca\/wp-content\/uploads\/2021\/01\/handshake-300x92.jpg 300w, https:\/\/cdcorp.ca\/wp-content\/uploads\/2021\/01\/handshake-1024x314.jpg 1024w, https:\/\/cdcorp.ca\/wp-content\/uploads\/2021\/01\/handshake-768x235.jpg 768w, https:\/\/cdcorp.ca\/wp-content\/uploads\/2021\/01\/handshake-1536x471.jpg 1536w, https:\/\/cdcorp.ca\/wp-content\/uploads\/2021\/01\/handshake-938x287.jpg 938w, https:\/\/cdcorp.ca\/wp-content\/uploads\/2021\/01\/handshake-1130x346.jpg 1130w\" sizes=\"auto, (max-width: 2000px) 100vw, 2000px\" \/><div class=\"wp-block-getwid-banner__caption\"><div class=\"wp-block-getwid-banner__caption-wrapper\"><span class=\"wp-block-getwid-banner__title\"><strong>SERVICES ET SOUTIEN<\/strong><\/span><\/div><\/div><\/div><\/a><\/div>\n\n\n\n<h2 class=\"alignfull has-light-gray-background-color has-background wp-block-heading\">Activit\u00e9s de pr\u00e9-installation<\/h2>\n\n\n\n<p>Pr\u00e9sentation d\u00e9taill\u00e9e des capacit\u00e9s fonctionnelles de BPAL pour favoriser la d\u00e9cision d\u2019acqu\u00e9rir une licence BPAL pour avoir le droit d\u2019installer et d\u2019utiliser les fonctionnalit\u00e9s op\u00e9rationnelles de BPAL.<\/p>\n\n\n\n<p>CDC effectuera une visite de l&rsquo;installation sans frais pour \u00e9valuer toutes les caract\u00e9ristiques de l&rsquo;infrastructure existante de la cha\u00eene d&rsquo;approvisionnement des mat\u00e9riaux en vrac.<\/p>\n\n\n\n<p>Sur la base des connaissances acquises lors de la visite du site, le devis de CDC listera toutes les exigences pour l\u2019int\u00e9gration BPAL au sein du r\u00e9seau LAN de l\u2019\u00e9tablissement, y compris tous les autres \u00e9quipements p\u00e9riph\u00e9riques externes.<\/p>\n\n\n\n<h2 class=\"alignfull has-light-gray-background-color has-background wp-block-heading\">Consultation interactive avec le client<\/h2>\n\n\n\n<p>Examen des r\u00e8gles de gestion et suggestions de CDC d\u00e9coulant de&nbsp;l&rsquo;exp\u00e9rience de terrain de BPAL pour am\u00e9liorer l&rsquo;efficacit\u00e9 et la productivit\u00e9<\/p>\n\n\n\n<p>\u00c9valuation et consultation des n\u0153uds du r\u00e9seau BPAL pour l\u2019\u00e9quipement \u00e0 l\u2019interfa\u00e7age BPAL pour garantir des processus de configuration d\u2019initialisation appropri\u00e9s.<\/p>\n\n\n\n<p>Planification de la mise en \u0153uvre de BPAL pour l&rsquo;int\u00e9gration du syst\u00e8me en utilisant le LAN de l&rsquo;installation et, si n\u00e9cessaire, la connectivit\u00e9 au WAN d&rsquo;entreprise.<\/p>\n\n\n\n<h2 class=\"alignfull has-light-gray-background-color has-background wp-block-heading\">Services d&rsquo;installation<\/h2>\n\n\n\n<ul class=\"wp-block-list\"><li>Devis indiquant tout le c\u00e2blage de connectivit\u00e9 des \u00e9quipements p\u00e9riph\u00e9riques.<\/li><li>Installation \u00e0 distance du serveur BPAL et des composants des postes de travail.<\/li><li>Formation de suivi du personnel administratif pour pr\u00e9-charger la base de donn\u00e9es de BPAL avec toutes les donn\u00e9es de base.<\/li><li>Participer \u00e0 la pr\u00e9paration des donn\u00e9es et faire le suivi de la formation en gestion des donn\u00e9es.<\/li><li>Assistance \u00e0 l&rsquo;installation sur site pour inclure toute la connectivit\u00e9 de l&rsquo;interface BPAL \u00e0 l&rsquo;\u00e9quipement.<\/li><li>Formation des utilisateurs sur site concomitante \u00e0 la formation \u00e0 distance, le tout pour int\u00e9grer les diff\u00e9rentes t\u00e2ches disciples r\u00e9alis\u00e9es par les utilisateurs BPAL.<\/li><li>V\u00e9rification pr\u00e9alable sur place de toutes les fonctionnalit\u00e9s op\u00e9rationnelles des t\u00e2ches administratives et des n\u0153uds de r\u00e9seau.<\/li><li>Surveillance et approbation en direct<\/li><\/ul>\n\n\n\n<h2 class=\"alignfull has-light-gray-background-color has-background wp-block-heading\">Services apr\u00e8s l&rsquo;installation<\/h2>\n\n\n\n<ul class=\"wp-block-list\"><li>P\u00e9riode d&rsquo;ajustement en vigueur pour le premier mois d&rsquo;op\u00e9rations en ligne<\/li><li>D\u00e9but du service de soutien annuel de BPAL offrant un acc\u00e8s 24\/7 aux sp\u00e9cialistes BPAL.<\/li><li>Mise \u00e0 niveau occasionnelle de BPAL par une installation \u00e0 distance, et tel que d\u00e9termin\u00e9 par CDCorp, une caract\u00e9ristique du service de soutien annuel de BPAL.<\/li><\/ul>\n\n\n\n<h2 class=\"alignfull has-light-gray-background-color has-background wp-block-heading\">Recherche et d\u00e9veloppement<\/h2>\n\n\n\n<p>Le CDC a un programme actif pour am\u00e9liorer constamment le statut op\u00e9rationnel de BPAL en menant des activit\u00e9s de recherche dont voici quelques exemples :<\/p>\n\n\n\n<ul class=\"wp-block-list\"><li>\u00c9valuer les demandes des clients et r\u00e9pondre par la recherche et l&rsquo;analyse pour comprendre les m\u00e9rites et comment les int\u00e9grer dans BPAL lorsque cela s&rsquo;av\u00e8re justifi\u00e9.<\/li><li>Maintenir l\u2019infrastructure de d\u00e9veloppement logiciel de CDC afin que la capacit\u00e9 d\u2019am\u00e9lioration de CDC soit conforme aux normes industrielles les plus r\u00e9centes.<\/li><li>Mener des activit\u00e9s de recherche et d\u00e9veloppement intrins\u00e8ques pour am\u00e9liorer les capacit\u00e9s op\u00e9rationnelles de BPAL ainsi que les performances de pointe.<\/li><\/ul>\n\n\n\n<p>Tous les r\u00e9sultats de ces activit\u00e9s aboutiront \u00e0 une int\u00e9gration au sein de BPAL et tous les clients de la communaut\u00e9 des utilisateurs de CDC seront occasionnellement mis \u00e0 niveau pour b\u00e9n\u00e9ficier de toutes les am\u00e9liorations.<\/p>\n\n\n\n&nbsp;\n\n\n\n<hr class=\"wp-block-separator has-text-color has-background has-gray-background-color has-gray-color is-style-wide\"\/>\n","protected":false},"excerpt":{"rendered":"<p>Activit\u00e9s de pr\u00e9-installation Pr\u00e9sentation d\u00e9taill\u00e9e des capacit\u00e9s fonctionnelles de BPAL pour favoriser la d\u00e9cision d\u2019acqu\u00e9rir une licence BPAL pour avoir le droit d\u2019installer et d\u2019utiliser les fonctionnalit\u00e9s op\u00e9rationnelles de BPAL. CDC effectuera une visite de l&rsquo;installation sans frais pour \u00e9valuer toutes les caract\u00e9ristiques de l&rsquo;infrastructure existante de la cha\u00eene d&rsquo;approvisionnement des mat\u00e9riaux en vrac. Sur [&hellip;]<\/p>\n","protected":false},"author":3,"featured_media":0,"parent":0,"menu_order":0,"comment_status":"closed","ping_status":"closed","template":"","meta":{"wpm_timeformat":"","_wpm_styles":"","footnotes":""},"class_list":["post-410","page","type-page","status-publish","hentry"],"yoast_head":"<!-- This site is optimized with the Yoast SEO plugin v19.10 - https:\/\/yoast.com\/wordpress\/plugins\/seo\/ -->\n<title>Services - Circuit Design Corporation<\/title>\n<meta name=\"robots\" content=\"index, follow, max-snippet:-1, max-image-preview:large, max-video-preview:-1\" \/>\n<link rel=\"canonical\" href=\"https:\/\/cdcorp.ca\/fr\/services\/\" \/>\n<meta property=\"og:locale\" content=\"fr_FR\" \/>\n<meta property=\"og:type\" content=\"article\" \/>\n<meta property=\"og:title\" content=\"Services - Circuit Design Corporation\" \/>\n<meta property=\"og:description\" content=\"Activit\u00e9s de pr\u00e9-installation Pr\u00e9sentation d\u00e9taill\u00e9e des capacit\u00e9s fonctionnelles de BPAL pour favoriser la d\u00e9cision d\u2019acqu\u00e9rir une licence BPAL pour avoir le droit d\u2019installer et d\u2019utiliser les fonctionnalit\u00e9s op\u00e9rationnelles de BPAL. CDC effectuera une visite de l&rsquo;installation sans frais pour \u00e9valuer toutes les caract\u00e9ristiques de l&rsquo;infrastructure existante de la cha\u00eene d&rsquo;approvisionnement des mat\u00e9riaux en vrac. Sur [&hellip;]\" \/>\n<meta property=\"og:url\" content=\"https:\/\/cdcorp.ca\/fr\/services\/\" \/>\n<meta property=\"og:site_name\" content=\"Circuit Design Corporation\" \/>\n<meta property=\"article:modified_time\" content=\"2021-05-04T15:39:24+00:00\" \/>\n<meta property=\"og:image\" content=\"https:\/\/cdcorp.ca\/wp-content\/uploads\/2021\/01\/handshake.jpg\" \/>\n<meta name=\"twitter:card\" content=\"summary_large_image\" \/>\n<meta name=\"twitter:label1\" content=\"Dur\u00e9e de lecture estim\u00e9e\" \/>\n\t<meta name=\"twitter:data1\" content=\"3 minutes\" \/>\n<script type=\"application\/ld+json\" class=\"yoast-schema-graph\">{\"@context\":\"https:\/\/schema.org\",\"@graph\":[{\"@type\":\"WebPage\",\"@id\":\"https:\/\/cdcorp.ca\/fr\/services\/\",\"url\":\"https:\/\/cdcorp.ca\/fr\/services\/\",\"name\":\"Services - Circuit Design Corporation\",\"isPartOf\":{\"@id\":\"https:\/\/cdcorp.ca\/#website\"},\"datePublished\":\"2021-02-06T21:07:15+00:00\",\"dateModified\":\"2021-05-04T15:39:24+00:00\",\"breadcrumb\":{\"@id\":\"https:\/\/cdcorp.ca\/fr\/services\/#breadcrumb\"},\"inLanguage\":\"fr-FR\",\"potentialAction\":[{\"@type\":\"ReadAction\",\"target\":[\"https:\/\/cdcorp.ca\/fr\/services\/\"]}]},{\"@type\":\"BreadcrumbList\",\"@id\":\"https:\/\/cdcorp.ca\/fr\/services\/#breadcrumb\",\"itemListElement\":[{\"@type\":\"ListItem\",\"position\":1,\"name\":\"Home\",\"item\":\"https:\/\/cdcorp.ca\/fr\/\"},{\"@type\":\"ListItem\",\"position\":2,\"name\":\"Services\"}]},{\"@type\":\"WebSite\",\"@id\":\"https:\/\/cdcorp.ca\/#website\",\"url\":\"https:\/\/cdcorp.ca\/\",\"name\":\"Circuit Design Corporation\",\"description\":\"Automatisation et administration BPAL\",\"publisher\":{\"@id\":\"https:\/\/cdcorp.ca\/#organization\"},\"potentialAction\":[{\"@type\":\"SearchAction\",\"target\":{\"@type\":\"EntryPoint\",\"urlTemplate\":\"https:\/\/cdcorp.ca\/?s={search_term_string}\"},\"query-input\":\"required name=search_term_string\"}],\"inLanguage\":\"fr-FR\"},{\"@type\":\"Organization\",\"@id\":\"https:\/\/cdcorp.ca\/#organization\",\"name\":\"Circuit Design Corporation\",\"url\":\"https:\/\/cdcorp.ca\/\",\"logo\":{\"@type\":\"ImageObject\",\"inLanguage\":\"fr-FR\",\"@id\":\"https:\/\/cdcorp.ca\/#\/schema\/logo\/image\/\",\"url\":\"https:\/\/cdcorp.ca\/wp-content\/uploads\/2021\/04\/CDC-Logo-493x134-1.png\",\"contentUrl\":\"https:\/\/cdcorp.ca\/wp-content\/uploads\/2021\/04\/CDC-Logo-493x134-1.png\",\"width\":493,\"height\":134,\"caption\":\" Circuit Design Corporation\"},\"image\":{\"@id\":\"https:\/\/cdcorp.ca\/#\/schema\/logo\/image\/\"}}]}<\/script>\n<!-- \/ Yoast SEO plugin. -->","yoast_head_json":{"title":"Services - Circuit Design Corporation","robots":{"index":"index","follow":"follow","max-snippet":"max-snippet:-1","max-image-preview":"max-image-preview:large","max-video-preview":"max-video-preview:-1"},"canonical":"https:\/\/cdcorp.ca\/fr\/services\/","og_locale":"fr_FR","og_type":"article","og_title":"Services - Circuit Design Corporation","og_description":"Activit\u00e9s de pr\u00e9-installation Pr\u00e9sentation d\u00e9taill\u00e9e des capacit\u00e9s fonctionnelles de BPAL pour favoriser la d\u00e9cision d\u2019acqu\u00e9rir une licence BPAL pour avoir le droit d\u2019installer et d\u2019utiliser les fonctionnalit\u00e9s op\u00e9rationnelles de BPAL. CDC effectuera une visite de l&rsquo;installation sans frais pour \u00e9valuer toutes les caract\u00e9ristiques de l&rsquo;infrastructure existante de la cha\u00eene d&rsquo;approvisionnement des mat\u00e9riaux en vrac. Sur [&hellip;]","og_url":"https:\/\/cdcorp.ca\/fr\/services\/","og_site_name":"Circuit Design Corporation","article_modified_time":"2021-05-04T15:39:24+00:00","og_image":[{"url":"https:\/\/cdcorp.ca\/wp-content\/uploads\/2021\/01\/handshake.jpg"}],"twitter_card":"summary_large_image","twitter_misc":{"Dur\u00e9e de lecture estim\u00e9e":"3 minutes"},"schema":{"@context":"https:\/\/schema.org","@graph":[{"@type":"WebPage","@id":"https:\/\/cdcorp.ca\/fr\/services\/","url":"https:\/\/cdcorp.ca\/fr\/services\/","name":"Services - Circuit Design Corporation","isPartOf":{"@id":"https:\/\/cdcorp.ca\/#website"},"datePublished":"2021-02-06T21:07:15+00:00","dateModified":"2021-05-04T15:39:24+00:00","breadcrumb":{"@id":"https:\/\/cdcorp.ca\/fr\/services\/#breadcrumb"},"inLanguage":"fr-FR","potentialAction":[{"@type":"ReadAction","target":["https:\/\/cdcorp.ca\/fr\/services\/"]}]},{"@type":"BreadcrumbList","@id":"https:\/\/cdcorp.ca\/fr\/services\/#breadcrumb","itemListElement":[{"@type":"ListItem","position":1,"name":"Home","item":"https:\/\/cdcorp.ca\/fr\/"},{"@type":"ListItem","position":2,"name":"Services"}]},{"@type":"WebSite","@id":"https:\/\/cdcorp.ca\/#website","url":"https:\/\/cdcorp.ca\/","name":"Circuit Design Corporation","description":"Automatisation et administration BPAL","publisher":{"@id":"https:\/\/cdcorp.ca\/#organization"},"potentialAction":[{"@type":"SearchAction","target":{"@type":"EntryPoint","urlTemplate":"https:\/\/cdcorp.ca\/?s={search_term_string}"},"query-input":"required name=search_term_string"}],"inLanguage":"fr-FR"},{"@type":"Organization","@id":"https:\/\/cdcorp.ca\/#organization","name":"Circuit Design Corporation","url":"https:\/\/cdcorp.ca\/","logo":{"@type":"ImageObject","inLanguage":"fr-FR","@id":"https:\/\/cdcorp.ca\/#\/schema\/logo\/image\/","url":"https:\/\/cdcorp.ca\/wp-content\/uploads\/2021\/04\/CDC-Logo-493x134-1.png","contentUrl":"https:\/\/cdcorp.ca\/wp-content\/uploads\/2021\/04\/CDC-Logo-493x134-1.png","width":493,"height":134,"caption":" Circuit Design Corporation"},"image":{"@id":"https:\/\/cdcorp.ca\/#\/schema\/logo\/image\/"}}]}},"_links":{"self":[{"href":"https:\/\/cdcorp.ca\/fr\/wp-json\/wp\/v2\/pages\/410","targetHints":{"allow":["GET"]}}],"collection":[{"href":"https:\/\/cdcorp.ca\/fr\/wp-json\/wp\/v2\/pages"}],"about":[{"href":"https:\/\/cdcorp.ca\/fr\/wp-json\/wp\/v2\/types\/page"}],"author":[{"embeddable":true,"href":"https:\/\/cdcorp.ca\/fr\/wp-json\/wp\/v2\/users\/3"}],"replies":[{"embeddable":true,"href":"https:\/\/cdcorp.ca\/fr\/wp-json\/wp\/v2\/comments?post=410"}],"version-history":[{"count":6,"href":"https:\/\/cdcorp.ca\/fr\/wp-json\/wp\/v2\/pages\/410\/revisions"}],"predecessor-version":[{"id":621,"href":"https:\/\/cdcorp.ca\/fr\/wp-json\/wp\/v2\/pages\/410\/revisions\/621"}],"wp:attachment":[{"href":"https:\/\/cdcorp.ca\/fr\/wp-json\/wp\/v2\/media?parent=410"}],"curies":[{"name":"wp","href":"https:\/\/api.w.org\/{rel}","templated":true}]}}