{"id":412,"date":"2021-02-06T21:11:12","date_gmt":"2021-02-06T21:11:12","guid":{"rendered":"https:\/\/cdcorp.ca\/?page_id=412"},"modified":"2021-09-09T14:06:30","modified_gmt":"2021-09-09T14:06:30","slug":"calculateur-de-retour-sur-investissement","status":"publish","type":"page","link":"https:\/\/cdcorp.ca\/fr\/calculateur-de-retour-sur-investissement\/","title":{"rendered":"Calculateur de retour sur investissement"},"content":{"rendered":"\n<div class=\"wp-block-getwid-banner has-animation-style3 has-text-animation-opacity-bottom alignfull\"><a href=\"#\" class=\"wp-block-getwid-banner__link\"><div class=\"wp-block-getwid-banner__wrapper\"><img loading=\"lazy\" decoding=\"async\" width=\"2000\" height=\"656\" src=\"https:\/\/cdcorp.ca\/wp-content\/uploads\/2021\/01\/roiimage.jpg\" alt=\"\" class=\"wp-block-getwid-banner__image wp-block-getwid-banner__source wp-image-377\" srcset=\"https:\/\/cdcorp.ca\/wp-content\/uploads\/2021\/01\/roiimage.jpg 2000w, https:\/\/cdcorp.ca\/wp-content\/uploads\/2021\/01\/roiimage-300x98.jpg 300w, https:\/\/cdcorp.ca\/wp-content\/uploads\/2021\/01\/roiimage-1024x336.jpg 1024w, https:\/\/cdcorp.ca\/wp-content\/uploads\/2021\/01\/roiimage-768x252.jpg 768w, https:\/\/cdcorp.ca\/wp-content\/uploads\/2021\/01\/roiimage-1536x504.jpg 1536w, https:\/\/cdcorp.ca\/wp-content\/uploads\/2021\/01\/roiimage-938x308.jpg 938w, https:\/\/cdcorp.ca\/wp-content\/uploads\/2021\/01\/roiimage-1130x371.jpg 1130w\" sizes=\"auto, (max-width: 2000px) 100vw, 2000px\" \/><div class=\"wp-block-getwid-banner__caption\"><div class=\"wp-block-getwid-banner__caption-wrapper\"><span class=\"wp-block-getwid-banner__title\"><strong>CALCULATEUR DE RETOUR SUR INVESTISSEMENT<\/strong><\/span><\/div><\/div><\/div><\/a><\/div>\n\n\n\n<p>Une analyse du rendement du capital investi (RCI) est un outil essentiel et tr\u00e8s utile pour aider \u00e0 \u00e9valuer la valeur de l\u2019avantage mon\u00e9taire qui d\u00e9coulerait de l\u2019int\u00e9gration de BPAL dans l\u2019infrastructure de la cha\u00eene d\u2019approvisionnement en mati\u00e8res premi\u00e8res d\u2019une installation donn\u00e9e. Une m\u00e9thodologie de rendement du capital investi utilisant une feuille de calcul est fournie ci-dessous pour permettre d\u2019effectuer divers calculs de sc\u00e9narios en tenant compte des co\u00fbts et des \u00e9conomies op\u00e9rationnelles raisonnables. Ce calculateur prend en compte de nombreux facteurs permettant une \u00e9valuation approfondie de leur incidence sur le rendement du capital investi qui r\u00e9v\u00e8lent alors des accumulations de prestations diff\u00e9rentes. Les facteurs de co\u00fbt et d\u2019\u00e9conomie sont des intrants sp\u00e9cifiques \u00e0 chaque \u00e9tablissement client. Voici un exemple de calcul.<\/p>\n\n\n\n<p><strong>Modifiez n&rsquo;importe quel chiffre<\/strong> pour lancer le calcul\u00a0:<\/p>\n\n\n<div role=\"form\" class=\"wpcf7\" id=\"wpcf7-f810-o1\" lang=\"fr-FR\" dir=\"ltr\">\n<div class=\"screen-reader-response\"><p role=\"status\" aria-live=\"polite\" aria-atomic=\"true\"><\/p> <ul><\/ul><\/div>\n<form action=\"\/fr\/wp-json\/wp\/v2\/pages\/412#wpcf7-f810-o1\" method=\"post\" class=\"wpcf7-form init\" novalidate=\"novalidate\" data-status=\"init\">\n<div style=\"display: none;\">\n<input type=\"hidden\" name=\"_wpcf7\" value=\"810\" \/>\n<input type=\"hidden\" name=\"_wpcf7_version\" value=\"5.6.4\" \/>\n<input type=\"hidden\" name=\"_wpcf7_locale\" value=\"fr_FR\" \/>\n<input type=\"hidden\" name=\"_wpcf7_unit_tag\" value=\"wpcf7-f810-o1\" \/>\n<input type=\"hidden\" name=\"_wpcf7_container_post\" value=\"0\" \/>\n<input type=\"hidden\" name=\"_wpcf7_posted_data_hash\" value=\"\" \/>\n<input type=\"hidden\" name=\"_wpcf7_recaptcha_response\" value=\"\" \/>\n<\/div>\n<div id=\"responsive-form-vehicle\" class=\"clearfix\">\n<div class=\"form-row\">\n\t<h4 class=\"roiheading\" style=\"background-color: #b0ce95; padding-left: 10px;\"><th>V\u00e9hicules re\u00e7us par an et co\u00fbt annuel de la fibre achet\u00e9e<\/th><\/h4>\n<div class=\"column-half\">\n\t<table class=\"roitable\">\n\t\t<tr><td><label>Nombre de camions \/ par jour<\/label><\/td><td width=\"100px\" align=\"center\"><span class=\"wpcf7-form-control-wrap\" data-name=\"ntruck\"><input type=\"number\" name=\"ntruck\" value=\"25\" class=\"wpcf7-form-control wpcf7-number wpcf7-validates-as-number\" min=\"0\" aria-invalid=\"false\" \/><\/span><\/td><\/tr>\n\t\t<tr><td>Nombre de jours<\/td><td width=\"100px\" align=\"center\"><span class=\"wpcf7-form-control-wrap\" data-name=\"ndays\"><input type=\"number\" name=\"ndays\" value=\"260\" class=\"wpcf7-form-control wpcf7-number wpcf7-validates-as-number\" min=\"0\" aria-invalid=\"false\" \/><\/span><\/td><\/tr>\n\t\t<tr><td>Valeur moyenne du contenu des camions ($)<\/td><td width=\"100px\" align=\"center\"><span class=\"wpcf7-form-control-wrap\" data-name=\"avalue\"><input type=\"number\" name=\"avalue\" value=\"1000\" class=\"wpcf7-form-control wpcf7-number wpcf7-validates-as-number\" min=\"0\" aria-invalid=\"false\" \/><\/span><\/td><\/tr>\n\t<\/table><\/div>\n<div class=\"column-half\">\n\t<table class=\"roitable\">\n\t\t<tr><td width=\"70%\"><strong>Nombre total de camions par an<\/strong><\/td><td width=\"100px\" align=\"center\"><strong> <span class=\"wpcf7-form-control-wrap tottrucks\"><input type=\"text\" name=\"tottrucks\" value=\"0\" class=\"wpcf7-form-control wpcf7-calculator wpcf7-validates-as-calculator occf7cal-total\" readonly=\"readonly\" data-formulas=\"ntruck * ndays\" \/><\/span><\/strong><\/td><\/tr>\n\t<tr><td><strong>Valeur annuelle totale<\/strong><\/td><td width=\"100px\" align=\"center\"><strong> <span class=\"wpcf7-form-control-wrap tvalue\"><input type=\"text\" name=\"tvalue\" value=\"0\" class=\"wpcf7-form-control wpcf7-calculator wpcf7-validates-as-calculator occf7cal-total\" readonly=\"readonly\" prefix=\"$\" data-formulas=\"ntruck * ndays * avalue\" \/><\/span><\/strong><\/td><\/tr>\n\t<\/table>\n\t<\/div>\n\t<\/div>\n<\/div><!--end responsive-form-->\n<div id=\"responsive-form-manpower\" class=\"clearfix\">\n<div class=\"form-row\">\n\t<h4 class=\"roiheading\" style=\"background-color: #a2c1e3; padding-left: 10px;\"><th>Co\u00fbts de main-d'\u0153uvre<\/th><\/h4>\n<div class=\"column-half\">\n\t<table class=\"roitable\">\n\t\t<tr><td>Nombre d'employ\u00e9s aux activit\u00e9s d'approvisionnement du fibre<\/td><td><span class=\"wpcf7-form-control-wrap\" data-name=\"manpower\"><input type=\"number\" name=\"manpower\" value=\"2\" class=\"wpcf7-form-control wpcf7-number wpcf7-validates-as-number\" min=\"0\" aria-invalid=\"false\" \/><\/span><\/td><\/tr>\n\t\t<tr><td>Salaire moyen annuel par employ\u00e9<\/td><td><span class=\"wpcf7-form-control-wrap\" data-name=\"salary\"><input type=\"number\" name=\"salary\" value=\"70000\" class=\"wpcf7-form-control wpcf7-number wpcf7-validates-as-number\" min=\"0\" aria-invalid=\"false\" \/><\/span><\/td><\/tr>\n\t<\/table>\n\t<\/div>\n<div class=\"column-half\"><table class=\"roitable\"><tr><td><strong>Co\u00fbt annuel du personnel<br>\n\u00e0 l'approvisionnement de fibre<\/strong><\/td><td width=\"100px\" align=\"center\"><strong><span class=\"wpcf7-form-control-wrap tmanpower\"><input type=\"text\" name=\"tmanpower\" value=\"0\" class=\"wpcf7-form-control wpcf7-calculator wpcf7-validates-as-calculator occf7cal-total\" readonly=\"readonly\" data-formulas=\"manpower * salary\" \/><\/span> <\/strong><\/td><\/tr>\n\t<\/table>\n\t<\/div>\n\t<\/div>\n<\/div><!--end responsive-form-->\n\n<div id=\"responsive-form-reduction\" class=\"clearfix\">\n<div class=\"form-row\">\n\t<h4 class=\"roiheading\" style=\"background-color: #ebb28b; padding-left: 10px;\"><th>Facteurs de r\u00e9duction des co\u00fbts en %<\/th><\/h4>\n<div class=\"column-half\">\n\t<table class=\"roitable\">\n\t\t<tr><td align=\"left\">Stations de flux de travail<\/td><td width=\"100px\" align=\"center\"><span class=\"wpcf7-form-control-wrap\" data-name=\"workflow\"><input type=\"number\" name=\"workflow\" value=\"0\" class=\"wpcf7-form-control wpcf7-number wpcf7-validates-as-number\" min=\"0\" max=\"10\" aria-invalid=\"false\" \/><\/span><\/td><\/tr>\n\t\t<tr><td align=\"left\">Entr\u00e9e des locaux<\/td><td width=\"100px\" align=\"center\"><span class=\"wpcf7-form-control-wrap\" data-name=\"premises\"><input type=\"number\" name=\"premises\" value=\"0\" class=\"wpcf7-form-control wpcf7-number wpcf7-validates-as-number\" min=\"0\" max=\"10\" aria-invalid=\"false\" \/><\/span><\/td><\/tr>\n\t\t<tr><td align=\"left\">Les \u00e9v\u00e9nements de pes\u00e9r \u00e0 l'entr\u00e9e \/ sortie<\/td><td width=\"100px\" align=\"center\"><span class=\"wpcf7-form-control-wrap\" data-name=\"weigh\"><input type=\"number\" name=\"weigh\" value=\"0\" class=\"wpcf7-form-control wpcf7-number wpcf7-validates-as-number\" min=\"0\" max=\"10\" aria-invalid=\"false\" \/><\/span><\/td><\/tr>\n\t\t<tr><td align=\"left\">\u00c9v\u00e9nement de d\u00e9chargement de v\u00e9hicule<\/td><td width=\"100px\" align=\"center\"><span class=\"wpcf7-form-control-wrap\" data-name=\"vehicle\"><input type=\"number\" name=\"vehicle\" value=\"0\" class=\"wpcf7-form-control wpcf7-number wpcf7-validates-as-number\" min=\"0\" max=\"10\" aria-invalid=\"false\" \/><\/span><\/td><\/tr>\n\t<\/table><\/div>\n<div class=\"column-half\">\n\t<table class=\"roitable\">\n\t\t<tr><td align=\"left\">Op\u00e9rations de laboratoire<\/td><td width=\"100px\" align=\"center\"><span class=\"wpcf7-form-control-wrap\" data-name=\"lab\"><input type=\"number\" name=\"lab\" value=\"0\" class=\"wpcf7-form-control wpcf7-number wpcf7-validates-as-number\" min=\"0\" max=\"10\" aria-invalid=\"false\" \/><\/span><\/td><\/tr>\n\t\t<tr><td align=\"left\">Administration<\/td><td width=\"100px\" align=\"center\"><span class=\"wpcf7-form-control-wrap\" data-name=\"admin\"><input type=\"number\" name=\"admin\" value=\"1\" class=\"wpcf7-form-control wpcf7-number wpcf7-validates-as-number\" min=\"0\" max=\"10\" aria-invalid=\"false\" \/><\/span><\/td><\/tr>\n\t\t<tr><td align=\"left\">D\u00e9partement TI<\/td><td width=\"100px\" align=\"center\"><span class=\"wpcf7-form-control-wrap\" data-name=\"itdept\"><input type=\"number\" name=\"itdept\" value=\"1\" class=\"wpcf7-form-control wpcf7-number wpcf7-validates-as-number\" min=\"0\" max=\"10\" aria-invalid=\"false\" \/><\/span><\/td><\/tr>\n\t\t<tr><td><strong>Total:<\/strong><\/td><td width=\"100px\" align=\"center\"><strong><span class=\"wpcf7-form-control-wrap mpowercalc\"><input type=\"text\" name=\"mpowercalc\" value=\"0\" class=\"wpcf7-form-control wpcf7-calculator wpcf7-validates-as-calculator occf7cal-total\" id=\"mpowercalc\" readonly=\"readonly\" data-formulas=\"premises + weigh + vehicle + lab + admin + itdept\" \/><\/span> <\/strong><\/td><\/tr>\n\t<\/table><\/div>\n\t<\/div>\n<\/div><!--end responsive-form-->\n\t\n\n\t<div id=\"responsive-form-savings\" class=\"clearfix\">\n<div class=\"form-row\">\n\t<h4 class=\"roiheading\" style=\"background-color: #fad978; padding-left: 10px;\"><th>Potentiel d'\u00e9conomies<\/th><\/h4>\n<div class=\"column-full\">\n\t<table class=\"roitable\">\n\t\t<tr>\u00c9conomies r\u00e9alis\u00e9es gr\u00e2ce \u00e0 la r\u00e9duction des erreurs et \/ ou omissions pour chaque transaction de v\u00e9hicule<\/tr>\n\t\t<tr><td>Par transaction<\/td><td><span class=\"wpcf7-form-control-wrap savingpertrans\"><input type=\"text\" name=\"savingpertrans\" value=\"0\" class=\"wpcf7-form-control wpcf7-calculator wpcf7-validates-as-calculator occf7cal-total\" id=\"savingpertrans\" readonly=\"readonly\" prefix=\"$\" data-formulas=\"( mpowercalc \/ 100 ) * avalue\" \/><\/span><\/td><\/tr>\n\t\t<tr><td>\u00c9conomies potentielles totales en termes de r\u00e9duction des erreurs et \/ ou des omissions<\/td><td><span class=\"wpcf7-form-control-wrap totalpotential\"><input type=\"text\" name=\"totalpotential\" value=\"0\" class=\"wpcf7-form-control wpcf7-calculator wpcf7-validates-as-calculator occf7cal-total\" readonly=\"readonly\" prefix=\"$\" data-formulas=\"(( mpowercalc \/ 100 ) * avalue) * (ntruck * ndays)\" \/><\/span><\/td><\/tr>\n\t\t<tr><td>\u00c9conomies dues aux gains de productivit\u00e9 du travail (en %)<\/td><td width=\"100px\" align=\"left\"><span class=\"wpcf7-form-control-wrap\" data-name=\"savingslaborgain\"><input type=\"number\" name=\"savingslaborgain\" value=\"12\" class=\"wpcf7-form-control wpcf7-number wpcf7-validates-as-number\" min=\"0\" max=\"100\" aria-invalid=\"false\" \/><\/span><\/td><\/tr>\n\t\t<tr><td>\u00c9conomies de main-d'\u0153uvre potentielles totales<\/td><td width=\"100px\" align=\"left\"> <span class=\"wpcf7-form-control-wrap tpotentiallabor\"><input type=\"text\" name=\"tpotentiallabor\" value=\"0\" class=\"wpcf7-form-control wpcf7-calculator wpcf7-validates-as-calculator occf7cal-total\" readonly=\"readonly\" prefix=\"$\" data-formulas=\"( savingslaborgain \/ 100 ) * (manpower * salary)\" \/><\/span><\/td><\/tr>\n\t\t<tr>\n\t\t  <td><strong>\u00c9conomies totales<\/strong><\/td><td width=\"100px\" align=\"left\"><strong><span class=\"wpcf7-form-control-wrap totalsavings\"><input type=\"text\" name=\"totalsavings\" value=\"0\" class=\"wpcf7-form-control wpcf7-calculator wpcf7-validates-as-calculator occf7cal-total\" readonly=\"readonly\" prefix=\"$\" data-formulas=\"(( savingslaborgain \/ 100 ) * (manpower * salary)) + ((( mpowercalc \/ 100 ) * avalue )* (ntruck * ndays))\" \/><\/span><\/strong><\/td><\/tr>\n\t<\/table><\/div>\n<\/div>\n<\/div><!--end responsive-form-->\n\t\n\t\t<div id=\"responsive-form-software\" class=\"clearfix\">\n<div class=\"form-row\">\n\t<h4 class=\"roiheading\" style=\"background-color: #de4fe6;\"><th>\u00c9valuation des co\u00fbts*<\/th><\/h4>\n<div class=\"column-full\">\n\t<table class=\"roitable\">\n\t\t<tr><td><strong>Frais uniques :<\/strong><\/td><\/tr>\n\t\t<tr><td>Frais de licence de droit d'utilisation BPAL<\/td><td><span class=\"wpcf7-form-control-wrap\" data-name=\"license\"><input type=\"number\" name=\"license\" value=\"20000\" class=\"wpcf7-form-control wpcf7-number wpcf7-validates-as-number\" aria-invalid=\"false\" \/><\/span><\/td><\/tr>\n\t\t<tr><td>Mat\u00e9riel suppl\u00e9mentaire<\/td><td><span class=\"wpcf7-form-control-wrap\" data-name=\"suphardware\"><input type=\"number\" name=\"suphardware\" value=\"9500\" class=\"wpcf7-form-control wpcf7-number wpcf7-validates-as-number\" aria-invalid=\"false\" \/><\/span><\/td><\/tr>\n\t\t<tr><td>Visite de pr\u00e9-installation sur site<\/td><td><span class=\"wpcf7-form-control-wrap\" data-name=\"previsit\"><input type=\"number\" name=\"previsit\" value=\"4500\" class=\"wpcf7-form-control wpcf7-number wpcf7-validates-as-number\" aria-invalid=\"false\" \/><\/span><\/td><\/tr>\n\t\t<tr><td>Installation sur site et mise en service<\/td><td><span class=\"wpcf7-form-control-wrap\" data-name=\"installvisit1\"><input type=\"number\" name=\"installvisit1\" value=\"14000\" class=\"wpcf7-form-control wpcf7-number wpcf7-validates-as-number\" aria-invalid=\"false\" \/><\/span><\/td><\/tr>\n\t\t<tr><td>Configuration et formation \u00e0 distance<\/td><td><span class=\"wpcf7-form-control-wrap\" data-name=\"remset\"><input type=\"number\" name=\"remset\" value=\"12000\" class=\"wpcf7-form-control wpcf7-number wpcf7-validates-as-number\" aria-invalid=\"false\" \/><\/span><\/td><\/tr>\n\t\t<tr><td>&nbsp;<\/td><\/tr>\n\t\t<tr><td><strong>Total des frais uniques<\/strong><\/td><td><strong><span class=\"wpcf7-form-control-wrap totonetime\"><input type=\"text\" name=\"totonetime\" value=\"0\" class=\"wpcf7-form-control wpcf7-calculator wpcf7-validates-as-calculator occf7cal-total\" id=\"totonetime\" readonly=\"readonly\" prefix=\"$\" data-formulas=\"license + suphardware + previsit + installvisit1 + remset\" \/><\/span><\/strong><\/td><\/tr>\n\t\t<tr><td>&nbsp;<\/td><\/tr>\n\t\t<tr><td>Totaux des co\u00fbts de soutien annuels ($)<\/td><td><span class=\"wpcf7-form-control-wrap\" data-name=\"support\"><input type=\"number\" name=\"support\" value=\"12000\" class=\"wpcf7-form-control wpcf7-number wpcf7-validates-as-number\" aria-invalid=\"false\" \/><\/span><\/td><\/tr>\n\t\t<tr><td>&nbsp;<\/td><\/tr>\n\t\t<tr><td><strong>Co\u00fbt total de la premi\u00e8re ann\u00e9e (hors \u00e9conomies)<\/strong><\/td><td width=\"100px\" align=\"left\"><strong><span class=\"wpcf7-form-control-wrap totalsoftware\"><input type=\"text\" name=\"totalsoftware\" value=\"0\" class=\"wpcf7-form-control wpcf7-calculator wpcf7-validates-as-calculator occf7cal-total\" readonly=\"readonly\" prefix=\"$\" data-formulas=\"license + suphardware + previsit + installvisit1 + remset + support\" \/><\/span> <\/strong><\/td><\/tr>\n\t<\/table><\/div>\n<\/div>\n\t<\/div><!--end responsive-form-->\t\t\n\t\t<div id=\"responsive-form-roi\" class=\"clearfix\">\n<div class=\"form-row\">\n\t<h4 class=\"roiheading\" style=\"background-color: #9fcd63;\"><th>Calculs de retour sur investissement<\/th><\/h4>\n<div class=\"column-full\">\n\t<table class=\"roitable\">\n\t\t<tr><td><h4 class=\"roicalculation\">Temps estim\u00e9 requis pour un retour sur investissement en mois<\/h4><\/td><td><h4 class=\"roicalculation\"><span class=\"wpcf7-form-control-wrap roimonths\"><input type=\"text\" name=\"roimonths\" value=\"0\" class=\"wpcf7-form-control wpcf7-calculator wpcf7-validates-as-calculator occf7cal-total\" readonly=\"readonly\" precision=\"0\" data-formulas=\"((license + suphardware + previsit + installvisit1 + remset + support) \/ ((( savingslaborgain \/ 100 ) * (manpower * salary)) + ((( mpowercalc \/ 100 ) * avalue )* (ntruck * ndays))) ) * 12\" \/><\/span><\/h4><\/td><\/tr>\n\t\t<tr><td><h4 class=\"roicalculation\">\u00c9conomies annuelles estim\u00e9es apr\u00e8s les investissements de la premi\u00e8re ann\u00e9e<\/h4><\/td><td><h4 class=\"roicalculation\"><span class=\"wpcf7-form-control-wrap roiannual\"><input type=\"text\" name=\"roiannual\" value=\"0\" class=\"wpcf7-form-control wpcf7-calculator wpcf7-validates-as-calculator occf7cal-total\" readonly=\"readonly\" prefix=\"$\" data-formulas=\"((( savingslaborgain \/ 100 ) * (manpower * salary)) + ((( mpowercalc \/ 100 ) * avalue )* (ntruck * ndays))) - support\" \/><\/span><\/h4><\/td><\/tr>\n\t<\/table><\/div>\n\t\t\t<\/div><\/div><div class=\"wpcf7-response-output\" aria-hidden=\"true\"><\/div><\/form><\/div>\n\n\n\n<p class=\"has-text-align-center\">Tous droits r\u00e9serv\u00e9s 2021 CDCorp<\/p>\n\n\n\n<figure class=\"wp-block-table\"><table><tbody><tr><td><\/td><td>*Exemple de co\u00fbt logiciel uniquement. Contactez nous pour discuter de vos besoins.<\/td><td><\/td><\/tr><\/tbody><\/table><\/figure>\n\n\n\n<p><\/p>\n","protected":false},"excerpt":{"rendered":"<p>Une analyse du rendement du capital investi (RCI) est un outil essentiel et tr\u00e8s utile pour aider \u00e0 \u00e9valuer la valeur de l\u2019avantage mon\u00e9taire qui d\u00e9coulerait de l\u2019int\u00e9gration de BPAL dans l\u2019infrastructure de la cha\u00eene d\u2019approvisionnement en mati\u00e8res premi\u00e8res d\u2019une installation donn\u00e9e. Une m\u00e9thodologie de rendement du capital investi utilisant une feuille de calcul est [&hellip;]<\/p>\n","protected":false},"author":3,"featured_media":0,"parent":0,"menu_order":0,"comment_status":"closed","ping_status":"closed","template":"","meta":{"wpm_timeformat":"","_wpm_styles":"","footnotes":""},"class_list":["post-412","page","type-page","status-publish","hentry"],"yoast_head":"<!-- This site is optimized with the Yoast SEO plugin v19.10 - https:\/\/yoast.com\/wordpress\/plugins\/seo\/ -->\n<title>Calculateur de retour sur investissement - Circuit Design Corporation<\/title>\n<meta name=\"robots\" content=\"index, follow, max-snippet:-1, max-image-preview:large, max-video-preview:-1\" \/>\n<link rel=\"canonical\" href=\"https:\/\/cdcorp.ca\/fr\/calculateur-de-retour-sur-investissement\/\" \/>\n<meta property=\"og:locale\" content=\"fr_FR\" \/>\n<meta property=\"og:type\" content=\"article\" \/>\n<meta property=\"og:title\" content=\"Calculateur de retour sur investissement - Circuit Design Corporation\" \/>\n<meta property=\"og:description\" content=\"Une analyse du rendement du capital investi (RCI) est un outil essentiel et tr\u00e8s utile pour aider \u00e0 \u00e9valuer la valeur de l\u2019avantage mon\u00e9taire qui d\u00e9coulerait de l\u2019int\u00e9gration de BPAL dans l\u2019infrastructure de la cha\u00eene d\u2019approvisionnement en mati\u00e8res premi\u00e8res d\u2019une installation donn\u00e9e. Une m\u00e9thodologie de rendement du capital investi utilisant une feuille de calcul est [&hellip;]\" \/>\n<meta property=\"og:url\" content=\"https:\/\/cdcorp.ca\/fr\/calculateur-de-retour-sur-investissement\/\" \/>\n<meta property=\"og:site_name\" content=\"Circuit Design Corporation\" \/>\n<meta property=\"article:modified_time\" content=\"2021-09-09T14:06:30+00:00\" \/>\n<meta property=\"og:image\" content=\"https:\/\/cdcorp.ca\/wp-content\/uploads\/2021\/01\/roiimage.jpg\" \/>\n<meta name=\"twitter:card\" content=\"summary_large_image\" \/>\n<meta name=\"twitter:label1\" content=\"Dur\u00e9e de lecture estim\u00e9e\" \/>\n\t<meta name=\"twitter:data1\" content=\"1 minute\" \/>\n<script type=\"application\/ld+json\" class=\"yoast-schema-graph\">{\"@context\":\"https:\/\/schema.org\",\"@graph\":[{\"@type\":\"WebPage\",\"@id\":\"https:\/\/cdcorp.ca\/fr\/calculateur-de-retour-sur-investissement\/\",\"url\":\"https:\/\/cdcorp.ca\/fr\/calculateur-de-retour-sur-investissement\/\",\"name\":\"Calculateur de retour sur investissement - Circuit Design Corporation\",\"isPartOf\":{\"@id\":\"https:\/\/cdcorp.ca\/#website\"},\"datePublished\":\"2021-02-06T21:11:12+00:00\",\"dateModified\":\"2021-09-09T14:06:30+00:00\",\"breadcrumb\":{\"@id\":\"https:\/\/cdcorp.ca\/fr\/calculateur-de-retour-sur-investissement\/#breadcrumb\"},\"inLanguage\":\"fr-FR\",\"potentialAction\":[{\"@type\":\"ReadAction\",\"target\":[\"https:\/\/cdcorp.ca\/fr\/calculateur-de-retour-sur-investissement\/\"]}]},{\"@type\":\"BreadcrumbList\",\"@id\":\"https:\/\/cdcorp.ca\/fr\/calculateur-de-retour-sur-investissement\/#breadcrumb\",\"itemListElement\":[{\"@type\":\"ListItem\",\"position\":1,\"name\":\"Home\",\"item\":\"https:\/\/cdcorp.ca\/fr\/\"},{\"@type\":\"ListItem\",\"position\":2,\"name\":\"Calculateur de retour sur investissement\"}]},{\"@type\":\"WebSite\",\"@id\":\"https:\/\/cdcorp.ca\/#website\",\"url\":\"https:\/\/cdcorp.ca\/\",\"name\":\"Circuit Design Corporation\",\"description\":\"Automatisation et administration BPAL\",\"publisher\":{\"@id\":\"https:\/\/cdcorp.ca\/#organization\"},\"potentialAction\":[{\"@type\":\"SearchAction\",\"target\":{\"@type\":\"EntryPoint\",\"urlTemplate\":\"https:\/\/cdcorp.ca\/?s={search_term_string}\"},\"query-input\":\"required name=search_term_string\"}],\"inLanguage\":\"fr-FR\"},{\"@type\":\"Organization\",\"@id\":\"https:\/\/cdcorp.ca\/#organization\",\"name\":\"Circuit Design Corporation\",\"url\":\"https:\/\/cdcorp.ca\/\",\"logo\":{\"@type\":\"ImageObject\",\"inLanguage\":\"fr-FR\",\"@id\":\"https:\/\/cdcorp.ca\/#\/schema\/logo\/image\/\",\"url\":\"https:\/\/cdcorp.ca\/wp-content\/uploads\/2021\/04\/CDC-Logo-493x134-1.png\",\"contentUrl\":\"https:\/\/cdcorp.ca\/wp-content\/uploads\/2021\/04\/CDC-Logo-493x134-1.png\",\"width\":493,\"height\":134,\"caption\":\" Circuit Design Corporation\"},\"image\":{\"@id\":\"https:\/\/cdcorp.ca\/#\/schema\/logo\/image\/\"}}]}<\/script>\n<!-- \/ Yoast SEO plugin. -->","yoast_head_json":{"title":"Calculateur de retour sur investissement - Circuit Design Corporation","robots":{"index":"index","follow":"follow","max-snippet":"max-snippet:-1","max-image-preview":"max-image-preview:large","max-video-preview":"max-video-preview:-1"},"canonical":"https:\/\/cdcorp.ca\/fr\/calculateur-de-retour-sur-investissement\/","og_locale":"fr_FR","og_type":"article","og_title":"Calculateur de retour sur investissement - Circuit Design Corporation","og_description":"Une analyse du rendement du capital investi (RCI) est un outil essentiel et tr\u00e8s utile pour aider \u00e0 \u00e9valuer la valeur de l\u2019avantage mon\u00e9taire qui d\u00e9coulerait de l\u2019int\u00e9gration de BPAL dans l\u2019infrastructure de la cha\u00eene d\u2019approvisionnement en mati\u00e8res premi\u00e8res d\u2019une installation donn\u00e9e. Une m\u00e9thodologie de rendement du capital investi utilisant une feuille de calcul est [&hellip;]","og_url":"https:\/\/cdcorp.ca\/fr\/calculateur-de-retour-sur-investissement\/","og_site_name":"Circuit Design Corporation","article_modified_time":"2021-09-09T14:06:30+00:00","og_image":[{"url":"https:\/\/cdcorp.ca\/wp-content\/uploads\/2021\/01\/roiimage.jpg"}],"twitter_card":"summary_large_image","twitter_misc":{"Dur\u00e9e de lecture estim\u00e9e":"1 minute"},"schema":{"@context":"https:\/\/schema.org","@graph":[{"@type":"WebPage","@id":"https:\/\/cdcorp.ca\/fr\/calculateur-de-retour-sur-investissement\/","url":"https:\/\/cdcorp.ca\/fr\/calculateur-de-retour-sur-investissement\/","name":"Calculateur de retour sur investissement - Circuit Design Corporation","isPartOf":{"@id":"https:\/\/cdcorp.ca\/#website"},"datePublished":"2021-02-06T21:11:12+00:00","dateModified":"2021-09-09T14:06:30+00:00","breadcrumb":{"@id":"https:\/\/cdcorp.ca\/fr\/calculateur-de-retour-sur-investissement\/#breadcrumb"},"inLanguage":"fr-FR","potentialAction":[{"@type":"ReadAction","target":["https:\/\/cdcorp.ca\/fr\/calculateur-de-retour-sur-investissement\/"]}]},{"@type":"BreadcrumbList","@id":"https:\/\/cdcorp.ca\/fr\/calculateur-de-retour-sur-investissement\/#breadcrumb","itemListElement":[{"@type":"ListItem","position":1,"name":"Home","item":"https:\/\/cdcorp.ca\/fr\/"},{"@type":"ListItem","position":2,"name":"Calculateur de retour sur investissement"}]},{"@type":"WebSite","@id":"https:\/\/cdcorp.ca\/#website","url":"https:\/\/cdcorp.ca\/","name":"Circuit Design Corporation","description":"Automatisation et administration BPAL","publisher":{"@id":"https:\/\/cdcorp.ca\/#organization"},"potentialAction":[{"@type":"SearchAction","target":{"@type":"EntryPoint","urlTemplate":"https:\/\/cdcorp.ca\/?s={search_term_string}"},"query-input":"required name=search_term_string"}],"inLanguage":"fr-FR"},{"@type":"Organization","@id":"https:\/\/cdcorp.ca\/#organization","name":"Circuit Design Corporation","url":"https:\/\/cdcorp.ca\/","logo":{"@type":"ImageObject","inLanguage":"fr-FR","@id":"https:\/\/cdcorp.ca\/#\/schema\/logo\/image\/","url":"https:\/\/cdcorp.ca\/wp-content\/uploads\/2021\/04\/CDC-Logo-493x134-1.png","contentUrl":"https:\/\/cdcorp.ca\/wp-content\/uploads\/2021\/04\/CDC-Logo-493x134-1.png","width":493,"height":134,"caption":" Circuit Design Corporation"},"image":{"@id":"https:\/\/cdcorp.ca\/#\/schema\/logo\/image\/"}}]}},"_links":{"self":[{"href":"https:\/\/cdcorp.ca\/fr\/wp-json\/wp\/v2\/pages\/412","targetHints":{"allow":["GET"]}}],"collection":[{"href":"https:\/\/cdcorp.ca\/fr\/wp-json\/wp\/v2\/pages"}],"about":[{"href":"https:\/\/cdcorp.ca\/fr\/wp-json\/wp\/v2\/types\/page"}],"author":[{"embeddable":true,"href":"https:\/\/cdcorp.ca\/fr\/wp-json\/wp\/v2\/users\/3"}],"replies":[{"embeddable":true,"href":"https:\/\/cdcorp.ca\/fr\/wp-json\/wp\/v2\/comments?post=412"}],"version-history":[{"count":7,"href":"https:\/\/cdcorp.ca\/fr\/wp-json\/wp\/v2\/pages\/412\/revisions"}],"predecessor-version":[{"id":816,"href":"https:\/\/cdcorp.ca\/fr\/wp-json\/wp\/v2\/pages\/412\/revisions\/816"}],"wp:attachment":[{"href":"https:\/\/cdcorp.ca\/fr\/wp-json\/wp\/v2\/media?parent=412"}],"curies":[{"name":"wp","href":"https:\/\/api.w.org\/{rel}","templated":true}]}}