{"id":414,"date":"2021-02-06T21:19:16","date_gmt":"2021-02-06T21:19:16","guid":{"rendered":"https:\/\/cdcorp.ca\/?page_id=414"},"modified":"2021-08-31T00:28:59","modified_gmt":"2021-08-31T00:28:59","slug":"nos-clients","status":"publish","type":"page","link":"https:\/\/cdcorp.ca\/fr\/nos-clients\/","title":{"rendered":"Nos clients"},"content":{"rendered":"\n<div class=\"wp-block-getwid-banner has-animation-style3 has-text-animation-opacity-bottom alignfull\"><a href=\"#\" class=\"wp-block-getwid-banner__link\"><div class=\"wp-block-getwid-banner__wrapper\"><img loading=\"lazy\" decoding=\"async\" width=\"2500\" height=\"625\" src=\"https:\/\/cdcorp.ca\/wp-content\/uploads\/2021\/01\/Mill_Imge2-1.jpg\" alt=\"\" class=\"wp-block-getwid-banner__image wp-block-getwid-banner__source wp-image-379\" srcset=\"https:\/\/cdcorp.ca\/wp-content\/uploads\/2021\/01\/Mill_Imge2-1.jpg 2500w, https:\/\/cdcorp.ca\/wp-content\/uploads\/2021\/01\/Mill_Imge2-1-300x75.jpg 300w, https:\/\/cdcorp.ca\/wp-content\/uploads\/2021\/01\/Mill_Imge2-1-1024x256.jpg 1024w, https:\/\/cdcorp.ca\/wp-content\/uploads\/2021\/01\/Mill_Imge2-1-768x192.jpg 768w, https:\/\/cdcorp.ca\/wp-content\/uploads\/2021\/01\/Mill_Imge2-1-1536x384.jpg 1536w, https:\/\/cdcorp.ca\/wp-content\/uploads\/2021\/01\/Mill_Imge2-1-2048x512.jpg 2048w, https:\/\/cdcorp.ca\/wp-content\/uploads\/2021\/01\/Mill_Imge2-1-938x235.jpg 938w, https:\/\/cdcorp.ca\/wp-content\/uploads\/2021\/01\/Mill_Imge2-1-1130x283.jpg 1130w\" sizes=\"auto, (max-width: 2500px) 100vw, 2500px\" \/><div class=\"wp-block-getwid-banner__caption\"><div class=\"wp-block-getwid-banner__caption-wrapper\"><span class=\"wp-block-getwid-banner__title\"><strong>NOS CLIENTS<\/strong><\/span><\/div><\/div><\/div><\/a><\/div>\n\n\n\n<div class=\"wp-block-columns is-layout-flex wp-container-core-columns-is-layout-9d6595d7 wp-block-columns-is-layout-flex\">\n<div class=\"wp-block-column is-layout-flow wp-block-column-is-layout-flow\" style=\"flex-basis:33.33%\">\n<div class=\"wp-block-getwid-icon is-aligned-center\"><div class=\"wp-block-getwid-icon__wrapper has-text-color\" style=\"font-size:6em;color:#0d9563\"><i class=\"fas fa-quote-left\"><\/i><\/div><\/div>\n<\/div>\n\n\n\n<div class=\"wp-block-column is-layout-flow wp-block-column-is-layout-flow\" style=\"flex-basis:66.66%\">\n<p><p>CDC est un partenaire technologique qui nous aide grandement depuis plusieurs ann\u00e9es dans toutes les op\u00e9rations reli\u00e9es aux approvisionnements de fibre \u00e0 notre usine de T\u00e9miscaming au Qu\u00e9bec. Leur expertise et leur support technique au quotidien sont rassurants pour nous et en font\u00a0un de nos partenaires de premier plan, \u00e9tant donn\u00e9 une longue exp\u00e9rience de l\u2019industrie foresti\u00e8re. Leurs services r\u00e9pondent ad\u00e9quatement\u00a0\u00e0 nos besoins.\u00a0Nous appr\u00e9cions leur syst\u00e8me BPAL, lequel rend les donn\u00e9es d\u2019approvisionnement de l\u2019usine rapidement disponibles aux gestionnaires.<\/p><\/p>\n\n\n\n<p><strong>Marc Bergeron<\/strong><br>Directeur, Services sur le terrain \u2013 Canada et France\u00a0<br>R<em>ayonier\u00a0Advanced\u00a0Materials<\/em><\/p>\n<\/div>\n<\/div>\n\n\n\n<div class=\"wp-block-columns is-layout-flex wp-container-core-columns-is-layout-9d6595d7 wp-block-columns-is-layout-flex\">\n<div class=\"wp-block-column is-layout-flow wp-block-column-is-layout-flow\">\n<div class=\"wp-block-image\"><figure class=\"aligncenter size-large\"><img loading=\"lazy\" decoding=\"async\" width=\"150\" height=\"90\" src=\"https:\/\/cdcorp.ca\/wp-content\/uploads\/2021\/01\/Domtar.jpg\" alt=\"\" class=\"wp-image-363\"\/><\/figure><\/div>\n\n\n\n<p class=\"has-text-align-center\"><strong><strong>Domtar Inc., Usine Windsor<\/strong> <br><\/strong> Windsor, Quebec<br>Canada <\/p>\n<\/div>\n\n\n\n<div class=\"wp-block-column is-layout-flow wp-block-column-is-layout-flow\">\n<div class=\"wp-block-image\"><figure class=\"aligncenter size-large\"><img loading=\"lazy\" decoding=\"async\" width=\"150\" height=\"90\" src=\"https:\/\/cdcorp.ca\/wp-content\/uploads\/2021\/01\/Kruger.jpg\" alt=\"\" class=\"wp-image-364\"\/><\/figure><\/div>\n\n\n\n<p class=\"has-text-align-center\"><strong>Kruger Bromptonville<\/strong><br>Sherbrooke, Quebec<br>Canada<\/p>\n<\/div>\n\n\n\n<div class=\"wp-block-column is-layout-flow wp-block-column-is-layout-flow\">\n<div class=\"wp-block-image\"><figure class=\"aligncenter size-large\"><img loading=\"lazy\" decoding=\"async\" width=\"150\" height=\"90\" src=\"https:\/\/cdcorp.ca\/wp-content\/uploads\/2021\/01\/Kruger.jpg\" alt=\"\" class=\"wp-image-364\"\/><\/figure><\/div>\n\n\n\n<p class=\"has-text-align-center\"><strong><strong>Emballages Kruger<\/strong><\/strong><br>Montr\u00e9al, Quebec<br>Canada<\/p>\n<\/div>\n<\/div>\n\n\n\n<div class=\"wp-block-columns is-layout-flex wp-container-core-columns-is-layout-9d6595d7 wp-block-columns-is-layout-flex\">\n<div class=\"wp-block-column is-layout-flow wp-block-column-is-layout-flow\">\n<div class=\"wp-block-image\"><figure class=\"aligncenter size-large\"><img loading=\"lazy\" decoding=\"async\" width=\"150\" height=\"90\" src=\"https:\/\/cdcorp.ca\/wp-content\/uploads\/2021\/01\/Kruger.jpg\" alt=\"\" class=\"wp-image-364\"\/><\/figure><\/div>\n\n\n\n<p class=\"has-text-align-center\"><strong><strong><strong>Produits Kruger<\/strong><\/strong><\/strong><br>Crabtree, Quebec<br>Canada <\/p>\n<\/div>\n\n\n\n<div class=\"wp-block-column is-layout-flow wp-block-column-is-layout-flow\">\n<div class=\"wp-block-image\"><figure class=\"aligncenter size-large\"><img loading=\"lazy\" decoding=\"async\" width=\"150\" height=\"90\" src=\"https:\/\/cdcorp.ca\/wp-content\/uploads\/2021\/01\/Kruger.jpg\" alt=\"\" class=\"wp-image-364\"\/><\/figure><\/div>\n\n\n\n<p class=\"has-text-align-center\"><strong><strong>Recyclage <strong>Kruger<\/strong><\/strong><\/strong><br>Montr\u00e9al, Quebec<br>Canada<\/p>\n<\/div>\n\n\n\n<div class=\"wp-block-column is-layout-flow wp-block-column-is-layout-flow\">\n<div class=\"wp-block-image\"><figure class=\"aligncenter size-large\"><img loading=\"lazy\" decoding=\"async\" width=\"150\" height=\"90\" src=\"https:\/\/cdcorp.ca\/wp-content\/uploads\/2021\/01\/Kruger.jpg\" alt=\"\" class=\"wp-image-364\"\/><\/figure><\/div>\n\n\n\n<p class=\"has-text-align-center\"><strong><strong>Kruger Trois-Rivi\u00e8res LP<\/strong><br><\/strong>Trois-Rivi\u00e8res, Quebec<br>Canada<\/p>\n<\/div>\n<\/div>\n\n\n\n<div class=\"wp-block-columns is-layout-flex wp-container-core-columns-is-layout-9d6595d7 wp-block-columns-is-layout-flex\">\n<div class=\"wp-block-column is-layout-flow wp-block-column-is-layout-flow\">\n<div class=\"wp-block-image\"><figure class=\"aligncenter size-large\"><img loading=\"lazy\" decoding=\"async\" width=\"150\" height=\"90\" src=\"https:\/\/cdcorp.ca\/wp-content\/uploads\/2021\/01\/Kruger.jpg\" alt=\"\" class=\"wp-image-364\"\/><\/figure><\/div>\n\n\n\n<p class=\"has-text-align-center\"><strong>Kruger Wayagamack Inc.<br><\/strong>Trois-Rivi\u00e8res, Qu\u00e9bec<br>Canada<\/p>\n<\/div>\n\n\n\n<div class=\"wp-block-column is-layout-flow wp-block-column-is-layout-flow\">\n<div class=\"wp-block-image\"><figure class=\"aligncenter size-large\"><img loading=\"lazy\" decoding=\"async\" width=\"150\" height=\"90\" src=\"https:\/\/cdcorp.ca\/wp-content\/uploads\/2021\/01\/Kruger.jpg\" alt=\"\" class=\"wp-image-364\"\/><\/figure><\/div>\n\n\n\n<p class=\"has-text-align-center\"><strong><strong><strong><strong>Ovide Rouillard Inc.<\/strong><\/strong><br><strong><strong>Un division de Kruger Inc.<\/strong><\/strong><\/strong><\/strong><br>Sherbrooke, Quebec<br>Canada<\/p>\n<\/div>\n\n\n\n<div class=\"wp-block-column is-layout-flow wp-block-column-is-layout-flow\">\n<div class=\"wp-block-image\"><figure class=\"aligncenter size-large\"><img loading=\"lazy\" decoding=\"async\" width=\"150\" height=\"90\" src=\"https:\/\/cdcorp.ca\/wp-content\/uploads\/2021\/01\/Mackenzie.jpg\" alt=\"\" class=\"wp-image-366\"\/><\/figure><\/div>\n\n\n\n<p class=\"has-text-align-center\"><strong><strong><strong><strong>Mackenzie Pulp Mill Corporation<\/strong><\/strong><\/strong><br><\/strong>Mackenzie, British-Columbia<br>Canada<\/p>\n<\/div>\n<\/div>\n\n\n\n<div class=\"wp-block-columns is-layout-flex wp-container-core-columns-is-layout-9d6595d7 wp-block-columns-is-layout-flex\">\n<div class=\"wp-block-column is-layout-flow wp-block-column-is-layout-flow\">\n<div class=\"wp-block-image\"><figure class=\"aligncenter size-large\"><img loading=\"lazy\" decoding=\"async\" width=\"150\" height=\"90\" src=\"https:\/\/cdcorp.ca\/wp-content\/uploads\/2021\/01\/Skookumchuck.jpg\" alt=\"\" class=\"wp-image-367\"\/><\/figure><\/div>\n\n\n\n<p class=\"has-text-align-center\"><strong><strong><strong><strong>Skookumchuck Pulp Inc.<\/strong><br><\/strong><\/strong><\/strong>Skookumchuck, British-Columbia Canada<\/p>\n<\/div>\n\n\n\n<div class=\"wp-block-column is-layout-flow wp-block-column-is-layout-flow\">\n<div class=\"wp-block-image\"><figure class=\"aligncenter size-large\"><img loading=\"lazy\" decoding=\"async\" width=\"150\" height=\"90\" src=\"https:\/\/cdcorp.ca\/wp-content\/uploads\/2021\/01\/Rayonier.jpg\" alt=\"\" class=\"wp-image-365\"\/><\/figure><\/div>\n\n\n\n<p class=\"has-text-align-center\"><strong><strong><strong>Mat\u00e9riaux innovant<\/strong> <strong>Rayonier<br><\/strong><\/strong><\/strong>T\u00e9miscamang, Quebec<br>Canada<\/p>\n<\/div>\n\n\n\n<div class=\"wp-block-column is-layout-flow wp-block-column-is-layout-flow\">\n<div class=\"wp-block-image\"><figure class=\"aligncenter size-large\"><img loading=\"lazy\" decoding=\"async\" width=\"150\" height=\"90\" src=\"https:\/\/cdcorp.ca\/wp-content\/uploads\/2021\/01\/Resolute.jpg\" alt=\"\" class=\"wp-image-368\"\/><\/figure><\/div>\n\n\n\n<p class=\"has-text-align-center\"><strong><strong>Produits forestier Resolute <\/strong><\/strong><br><strong><strong>Usine Thunder Bay<\/strong><\/strong><br>Thunder Bay, Ontario<br>Canada<\/p>\n<\/div>\n<\/div>\n\n\n\n<div class=\"wp-block-columns is-layout-flex wp-container-core-columns-is-layout-9d6595d7 wp-block-columns-is-layout-flex\">\n<div class=\"wp-block-column is-layout-flow wp-block-column-is-layout-flow\">\n<div class=\"wp-block-image\"><figure class=\"aligncenter size-large\"><img loading=\"lazy\" decoding=\"async\" width=\"150\" height=\"90\" src=\"https:\/\/cdcorp.ca\/wp-content\/uploads\/2021\/01\/Resolute.jpg\" alt=\"\" class=\"wp-image-368\"\/><\/figure><\/div>\n\n\n\n<p class=\"has-text-align-center\"><strong><strong>Produits forestier<\/strong> <strong>Resolute<\/strong><br><strong>Scierie<\/strong> <strong>Thunder Bay<\/strong><\/strong><span><b><br><\/b><\/span>Thunder Bay, Ontario<br>Canada<\/p>\n<\/div>\n\n\n\n<div class=\"wp-block-column is-layout-flow wp-block-column-is-layout-flow\">\n<div class=\"wp-block-image\"><figure class=\"aligncenter size-large\"><img loading=\"lazy\" decoding=\"async\" width=\"150\" height=\"90\" src=\"https:\/\/cdcorp.ca\/wp-content\/uploads\/2021\/01\/Resolute.jpg\" alt=\"\" class=\"wp-image-368\"\/><\/figure><\/div>\n\n\n\n<p class=\"has-text-align-center\"><strong><strong><strong>Produits forestier<\/strong> <strong>Resolute<\/strong> Scierie<\/strong> <strong>Atikokan Sawmill<br><\/strong><\/strong>Atikokan, Ontario<br>Canada<\/p>\n<\/div>\n\n\n\n<div class=\"wp-block-column is-layout-flow wp-block-column-is-layout-flow\">\n<div class=\"wp-block-image\"><figure class=\"aligncenter size-large\"><img loading=\"lazy\" decoding=\"async\" width=\"150\" height=\"90\" src=\"https:\/\/cdcorp.ca\/wp-content\/uploads\/2021\/01\/Resolute.jpg\" alt=\"\" class=\"wp-image-368\"\/><\/figure><\/div>\n\n\n\n<p class=\"has-text-align-center\"><strong><strong><strong><strong>Produits forestier Resolute<\/strong><\/strong><br><strong>Scierie <strong>Ignace<br><\/strong><\/strong><\/strong><\/strong>Ignace, Ontario<br>Canada<\/p>\n<\/div>\n<\/div>\n\n\n\n<div class=\"wp-block-columns is-layout-flex wp-container-core-columns-is-layout-9d6595d7 wp-block-columns-is-layout-flex\">\n<div class=\"wp-block-column is-layout-flow wp-block-column-is-layout-flow\">\n<div class=\"wp-block-image\"><figure class=\"aligncenter size-large\"><img loading=\"lazy\" decoding=\"async\" width=\"150\" height=\"90\" src=\"https:\/\/cdcorp.ca\/wp-content\/uploads\/2021\/01\/Roseburg.jpg\" alt=\"\" class=\"wp-image-369\"\/><\/figure><\/div>\n\n\n\n<p class=\"has-text-align-center\"><strong><strong><strong><strong><strong><strong>Produits forestier<\/strong> <strong>Resolute<\/strong><\/strong><br><strong>Pembroke MDF<\/strong><br><\/strong><\/strong><\/strong><\/strong>Pembroke, Ontario<br>Canada<br><\/p>\n<\/div>\n\n\n\n<div class=\"wp-block-column is-layout-flow wp-block-column-is-layout-flow\">\n<div class=\"wp-block-image\"><figure class=\"aligncenter size-large\"><img loading=\"lazy\" decoding=\"async\" width=\"150\" height=\"90\" src=\"https:\/\/cdcorp.ca\/wp-content\/uploads\/2021\/01\/Westrock.jpg\" alt=\"\" class=\"wp-image-370\"\/><\/figure><\/div>\n\n\n\n<p class=\"has-text-align-center\"><strong><strong><strong><strong>Westrock<\/strong><\/strong><br><strong><strong>Usine de La Tuque<\/strong><br><\/strong><\/strong><\/strong>La Tuque, Quebec<br>Canada<\/p>\n<\/div>\n\n\n\n<div class=\"wp-block-column is-layout-flow wp-block-column-is-layout-flow\">\n<div class=\"wp-block-image\"><figure class=\"aligncenter size-large\"><img loading=\"lazy\" decoding=\"async\" width=\"206\" height=\"52\" src=\"https:\/\/cdcorp.ca\/wp-content\/uploads\/2021\/01\/CDCKAU_MILL_LOGO.jpg\" alt=\"\" class=\"wp-image-371\"\/><\/figure><\/div>\n\n\n\n<p class=\"has-text-align-center\"><br><strong><strong><strong><strong>Ahlstrom Munksj\u00f6<\/strong><\/strong><br><strong><strong>Thilmany Mill<br><\/strong><\/strong><\/strong><\/strong>Kaukana, Wisconsin<br>USA<\/p>\n<\/div>\n<\/div>\n\n\n\n<div class=\"wp-block-columns is-layout-flex wp-container-core-columns-is-layout-9d6595d7 wp-block-columns-is-layout-flex\">\n<div class=\"wp-block-column is-layout-flow wp-block-column-is-layout-flow\">\n<div class=\"wp-block-image\"><figure class=\"aligncenter size-large\"><img loading=\"lazy\" decoding=\"async\" width=\"206\" height=\"52\" src=\"https:\/\/cdcorp.ca\/wp-content\/uploads\/2021\/01\/CDCKAU_MILL_LOGO.jpg\" alt=\"\" class=\"wp-image-371\"\/><\/figure><\/div>\n\n\n\n<p class=\"has-text-align-center\"><strong><strong><strong><strong><strong><strong>Ahlstrom Munksj\u00f6<\/strong><\/strong><br><strong><strong>Mosinee Mill<\/strong><br><\/strong><\/strong><\/strong><\/strong><\/strong>Mosinee, Wisconsin<br>USA<\/p>\n<\/div>\n\n\n\n<div class=\"wp-block-column is-layout-flow wp-block-column-is-layout-flow\">\n<div class=\"wp-block-image\"><figure class=\"aligncenter size-large\"><img loading=\"lazy\" decoding=\"async\" width=\"206\" height=\"52\" src=\"https:\/\/cdcorp.ca\/wp-content\/uploads\/2021\/01\/CDCKAU_MILL_LOGO.jpg\" alt=\"\" class=\"wp-image-371\"\/><\/figure><\/div>\n\n\n\n<p class=\"has-text-align-center\"><strong><strong><strong><strong>Ahlstrom Munksj\u00f6,<\/strong><\/strong><br><strong><strong>Beecher Wood Yard<br><\/strong><\/strong><\/strong><\/strong>Beecher, Wisconsin<br>USA<\/p>\n<\/div>\n\n\n\n<div class=\"wp-block-column is-layout-flow wp-block-column-is-layout-flow\">\n<p class=\"has-text-align-center\"><\/p>\n<\/div>\n<\/div>\n\n\n\n<p><\/p>\n","protected":false},"excerpt":{"rendered":"<p>CDC est un partenaire technologique qui nous aide grandement depuis plusieurs ann\u00e9es dans toutes les op\u00e9rations reli\u00e9es aux approvisionnements de fibre \u00e0 notre usine de T\u00e9miscaming au Qu\u00e9bec. Leur expertise et leur support technique au quotidien sont rassurants pour nous et en font\u00a0un de nos partenaires de premier plan, \u00e9tant donn\u00e9 une longue exp\u00e9rience de [&hellip;]<\/p>\n","protected":false},"author":3,"featured_media":0,"parent":0,"menu_order":0,"comment_status":"closed","ping_status":"open","template":"","meta":{"wpm_timeformat":"","_wpm_styles":"","footnotes":""},"class_list":["post-414","page","type-page","status-publish","hentry"],"yoast_head":"<!-- This site is optimized with the Yoast SEO plugin v19.10 - https:\/\/yoast.com\/wordpress\/plugins\/seo\/ -->\n<title>Nos clients - Circuit Design Corporation<\/title>\n<meta name=\"robots\" content=\"index, follow, max-snippet:-1, max-image-preview:large, max-video-preview:-1\" \/>\n<link rel=\"canonical\" href=\"https:\/\/cdcorp.ca\/fr\/nos-clients\/\" \/>\n<meta property=\"og:locale\" content=\"fr_FR\" \/>\n<meta property=\"og:type\" content=\"article\" \/>\n<meta property=\"og:title\" content=\"Nos clients - Circuit Design Corporation\" \/>\n<meta property=\"og:description\" content=\"CDC est un partenaire technologique qui nous aide grandement depuis plusieurs ann\u00e9es dans toutes les op\u00e9rations reli\u00e9es aux approvisionnements de fibre \u00e0 notre usine de T\u00e9miscaming au Qu\u00e9bec. Leur expertise et leur support technique au quotidien sont rassurants pour nous et en font\u00a0un de nos partenaires de premier plan, \u00e9tant donn\u00e9 une longue exp\u00e9rience de [&hellip;]\" \/>\n<meta property=\"og:url\" content=\"https:\/\/cdcorp.ca\/fr\/nos-clients\/\" \/>\n<meta property=\"og:site_name\" content=\"Circuit Design Corporation\" \/>\n<meta property=\"article:modified_time\" content=\"2021-08-31T00:28:59+00:00\" \/>\n<meta property=\"og:image\" content=\"https:\/\/cdcorp.ca\/wp-content\/uploads\/2021\/01\/Mill_Imge2-1.jpg\" \/>\n<meta name=\"twitter:card\" content=\"summary_large_image\" \/>\n<meta name=\"twitter:label1\" content=\"Dur\u00e9e de lecture estim\u00e9e\" \/>\n\t<meta name=\"twitter:data1\" content=\"1 minute\" \/>\n<script type=\"application\/ld+json\" class=\"yoast-schema-graph\">{\"@context\":\"https:\/\/schema.org\",\"@graph\":[{\"@type\":\"WebPage\",\"@id\":\"https:\/\/cdcorp.ca\/fr\/nos-clients\/\",\"url\":\"https:\/\/cdcorp.ca\/fr\/nos-clients\/\",\"name\":\"Nos clients - Circuit Design Corporation\",\"isPartOf\":{\"@id\":\"https:\/\/cdcorp.ca\/#website\"},\"datePublished\":\"2021-02-06T21:19:16+00:00\",\"dateModified\":\"2021-08-31T00:28:59+00:00\",\"breadcrumb\":{\"@id\":\"https:\/\/cdcorp.ca\/fr\/nos-clients\/#breadcrumb\"},\"inLanguage\":\"fr-FR\",\"potentialAction\":[{\"@type\":\"ReadAction\",\"target\":[\"https:\/\/cdcorp.ca\/fr\/nos-clients\/\"]}]},{\"@type\":\"BreadcrumbList\",\"@id\":\"https:\/\/cdcorp.ca\/fr\/nos-clients\/#breadcrumb\",\"itemListElement\":[{\"@type\":\"ListItem\",\"position\":1,\"name\":\"Home\",\"item\":\"https:\/\/cdcorp.ca\/fr\/\"},{\"@type\":\"ListItem\",\"position\":2,\"name\":\"Nos clients\"}]},{\"@type\":\"WebSite\",\"@id\":\"https:\/\/cdcorp.ca\/#website\",\"url\":\"https:\/\/cdcorp.ca\/\",\"name\":\"Circuit Design Corporation\",\"description\":\"Automatisation et administration BPAL\",\"publisher\":{\"@id\":\"https:\/\/cdcorp.ca\/#organization\"},\"potentialAction\":[{\"@type\":\"SearchAction\",\"target\":{\"@type\":\"EntryPoint\",\"urlTemplate\":\"https:\/\/cdcorp.ca\/?s={search_term_string}\"},\"query-input\":\"required name=search_term_string\"}],\"inLanguage\":\"fr-FR\"},{\"@type\":\"Organization\",\"@id\":\"https:\/\/cdcorp.ca\/#organization\",\"name\":\"Circuit Design Corporation\",\"url\":\"https:\/\/cdcorp.ca\/\",\"logo\":{\"@type\":\"ImageObject\",\"inLanguage\":\"fr-FR\",\"@id\":\"https:\/\/cdcorp.ca\/#\/schema\/logo\/image\/\",\"url\":\"https:\/\/cdcorp.ca\/wp-content\/uploads\/2021\/04\/CDC-Logo-493x134-1.png\",\"contentUrl\":\"https:\/\/cdcorp.ca\/wp-content\/uploads\/2021\/04\/CDC-Logo-493x134-1.png\",\"width\":493,\"height\":134,\"caption\":\" Circuit Design Corporation\"},\"image\":{\"@id\":\"https:\/\/cdcorp.ca\/#\/schema\/logo\/image\/\"}}]}<\/script>\n<!-- \/ Yoast SEO plugin. -->","yoast_head_json":{"title":"Nos clients - Circuit Design Corporation","robots":{"index":"index","follow":"follow","max-snippet":"max-snippet:-1","max-image-preview":"max-image-preview:large","max-video-preview":"max-video-preview:-1"},"canonical":"https:\/\/cdcorp.ca\/fr\/nos-clients\/","og_locale":"fr_FR","og_type":"article","og_title":"Nos clients - Circuit Design Corporation","og_description":"CDC est un partenaire technologique qui nous aide grandement depuis plusieurs ann\u00e9es dans toutes les op\u00e9rations reli\u00e9es aux approvisionnements de fibre \u00e0 notre usine de T\u00e9miscaming au Qu\u00e9bec. Leur expertise et leur support technique au quotidien sont rassurants pour nous et en font\u00a0un de nos partenaires de premier plan, \u00e9tant donn\u00e9 une longue exp\u00e9rience de [&hellip;]","og_url":"https:\/\/cdcorp.ca\/fr\/nos-clients\/","og_site_name":"Circuit Design Corporation","article_modified_time":"2021-08-31T00:28:59+00:00","og_image":[{"url":"https:\/\/cdcorp.ca\/wp-content\/uploads\/2021\/01\/Mill_Imge2-1.jpg"}],"twitter_card":"summary_large_image","twitter_misc":{"Dur\u00e9e de lecture estim\u00e9e":"1 minute"},"schema":{"@context":"https:\/\/schema.org","@graph":[{"@type":"WebPage","@id":"https:\/\/cdcorp.ca\/fr\/nos-clients\/","url":"https:\/\/cdcorp.ca\/fr\/nos-clients\/","name":"Nos clients - Circuit Design Corporation","isPartOf":{"@id":"https:\/\/cdcorp.ca\/#website"},"datePublished":"2021-02-06T21:19:16+00:00","dateModified":"2021-08-31T00:28:59+00:00","breadcrumb":{"@id":"https:\/\/cdcorp.ca\/fr\/nos-clients\/#breadcrumb"},"inLanguage":"fr-FR","potentialAction":[{"@type":"ReadAction","target":["https:\/\/cdcorp.ca\/fr\/nos-clients\/"]}]},{"@type":"BreadcrumbList","@id":"https:\/\/cdcorp.ca\/fr\/nos-clients\/#breadcrumb","itemListElement":[{"@type":"ListItem","position":1,"name":"Home","item":"https:\/\/cdcorp.ca\/fr\/"},{"@type":"ListItem","position":2,"name":"Nos clients"}]},{"@type":"WebSite","@id":"https:\/\/cdcorp.ca\/#website","url":"https:\/\/cdcorp.ca\/","name":"Circuit Design Corporation","description":"Automatisation et administration BPAL","publisher":{"@id":"https:\/\/cdcorp.ca\/#organization"},"potentialAction":[{"@type":"SearchAction","target":{"@type":"EntryPoint","urlTemplate":"https:\/\/cdcorp.ca\/?s={search_term_string}"},"query-input":"required name=search_term_string"}],"inLanguage":"fr-FR"},{"@type":"Organization","@id":"https:\/\/cdcorp.ca\/#organization","name":"Circuit Design Corporation","url":"https:\/\/cdcorp.ca\/","logo":{"@type":"ImageObject","inLanguage":"fr-FR","@id":"https:\/\/cdcorp.ca\/#\/schema\/logo\/image\/","url":"https:\/\/cdcorp.ca\/wp-content\/uploads\/2021\/04\/CDC-Logo-493x134-1.png","contentUrl":"https:\/\/cdcorp.ca\/wp-content\/uploads\/2021\/04\/CDC-Logo-493x134-1.png","width":493,"height":134,"caption":" Circuit Design Corporation"},"image":{"@id":"https:\/\/cdcorp.ca\/#\/schema\/logo\/image\/"}}]}},"_links":{"self":[{"href":"https:\/\/cdcorp.ca\/fr\/wp-json\/wp\/v2\/pages\/414","targetHints":{"allow":["GET"]}}],"collection":[{"href":"https:\/\/cdcorp.ca\/fr\/wp-json\/wp\/v2\/pages"}],"about":[{"href":"https:\/\/cdcorp.ca\/fr\/wp-json\/wp\/v2\/types\/page"}],"author":[{"embeddable":true,"href":"https:\/\/cdcorp.ca\/fr\/wp-json\/wp\/v2\/users\/3"}],"replies":[{"embeddable":true,"href":"https:\/\/cdcorp.ca\/fr\/wp-json\/wp\/v2\/comments?post=414"}],"version-history":[{"count":6,"href":"https:\/\/cdcorp.ca\/fr\/wp-json\/wp\/v2\/pages\/414\/revisions"}],"predecessor-version":[{"id":734,"href":"https:\/\/cdcorp.ca\/fr\/wp-json\/wp\/v2\/pages\/414\/revisions\/734"}],"wp:attachment":[{"href":"https:\/\/cdcorp.ca\/fr\/wp-json\/wp\/v2\/media?parent=414"}],"curies":[{"name":"wp","href":"https:\/\/api.w.org\/{rel}","templated":true}]}}