{"id":542,"date":"2021-04-03T13:33:04","date_gmt":"2021-04-03T13:33:04","guid":{"rendered":"https:\/\/cdcorp.ca\/?page_id=542"},"modified":"2021-05-04T15:38:30","modified_gmt":"2021-05-04T15:38:30","slug":"accueil-2","status":"publish","type":"page","link":"https:\/\/cdcorp.ca\/fr\/accueil-2\/","title":{"rendered":"\u00c0 propos"},"content":{"rendered":"\n<div class=\"wp-block-getwid-banner has-animation-style3 has-text-animation-opacity-bottom alignfull\"><a href=\"\" class=\"wp-block-getwid-banner__link\"><div class=\"wp-block-getwid-banner__wrapper\"><img loading=\"lazy\" decoding=\"async\" width=\"2000\" height=\"609\" src=\"https:\/\/cdcorp.ca\/wp-content\/uploads\/2021\/01\/truckwithlogo.jpg\" alt=\"\" class=\"wp-block-getwid-banner__image wp-block-getwid-banner__source wp-image-378\" srcset=\"https:\/\/cdcorp.ca\/wp-content\/uploads\/2021\/01\/truckwithlogo.jpg 2000w, https:\/\/cdcorp.ca\/wp-content\/uploads\/2021\/01\/truckwithlogo-300x91.jpg 300w, https:\/\/cdcorp.ca\/wp-content\/uploads\/2021\/01\/truckwithlogo-1024x312.jpg 1024w, https:\/\/cdcorp.ca\/wp-content\/uploads\/2021\/01\/truckwithlogo-768x234.jpg 768w, https:\/\/cdcorp.ca\/wp-content\/uploads\/2021\/01\/truckwithlogo-1536x468.jpg 1536w, https:\/\/cdcorp.ca\/wp-content\/uploads\/2021\/01\/truckwithlogo-938x286.jpg 938w, https:\/\/cdcorp.ca\/wp-content\/uploads\/2021\/01\/truckwithlogo-1130x344.jpg 1130w\" sizes=\"auto, (max-width: 2000px) 100vw, 2000px\" \/><div class=\"wp-block-getwid-banner__caption\"><div class=\"wp-block-getwid-banner__caption-wrapper\"><span class=\"wp-block-getwid-banner__title\"><strong>\u00c0 PROPOS<\/strong><\/span><\/div><\/div><\/div><\/a><\/div>\n\n\n\n<div class=\"wp-block-columns alignfull has-light-blue-background-color has-background is-layout-flex wp-container-core-columns-is-layout-9d6595d7 wp-block-columns-is-layout-flex\">\n<div class=\"wp-block-column is-layout-flow wp-block-column-is-layout-flow\" style=\"flex-basis:15%\"><\/div>\n\n\n\n<div class=\"wp-block-column is-layout-flow wp-block-column-is-layout-flow\" style=\"flex-basis:70%\">\n<h2 class=\"wp-block-heading\">NOTRE HISTOIRE<\/h2>\n<\/div>\n\n\n\n<div class=\"wp-block-column is-layout-flow wp-block-column-is-layout-flow\" style=\"flex-basis:15%\"><\/div>\n<\/div>\n\n\n\n<div class=\"wp-block-media-text alignwide is-stacked-on-mobile is-image-fill\"><figure class=\"wp-block-media-text__media\" style=\"background-image:url(https:\/\/cdcorp.ca\/wp-content\/uploads\/2021\/01\/truck.jpg);background-position:50% 50%\"><img loading=\"lazy\" decoding=\"async\" width=\"554\" height=\"431\" src=\"https:\/\/cdcorp.ca\/wp-content\/uploads\/2021\/01\/truck.jpg\" alt=\"\" class=\"wp-image-76 size-full\" srcset=\"https:\/\/cdcorp.ca\/wp-content\/uploads\/2021\/01\/truck.jpg 554w, https:\/\/cdcorp.ca\/wp-content\/uploads\/2021\/01\/truck-300x233.jpg 300w\" sizes=\"auto, (max-width: 554px) 100vw, 554px\" \/><\/figure><div class=\"wp-block-media-text__content\">\n<p class=\"has-drop-cap has-normal-font-size\">Fond\u00e9e en 1978, CDC compte sur plusieurs d\u00e9cennies de comp\u00e9tences en g\u00e9nie logiciel et de l\u2019exp\u00e9rience dans la cr\u00e9ation de solutions logicielles et mat\u00e9rielles compl\u00e8tes. L\u2019\u00e9quipe de CDC est compos\u00e9e de professionnels motiv\u00e9s dont la connaissance combin\u00e9e du d\u00e9veloppement de logiciels et des processus industriels a \u00e9t\u00e9 la cl\u00e9 de notre succ\u00e8s.<\/p>\n\n\n\n<p>Au d\u00e9but, CDC \u00e9tait un d\u00e9veloppeur de logiciels personnalis\u00e9s ax\u00e9 sur deux flux, les applications de contr\u00f4le en atelier et les applications de syst\u00e8me d&rsquo;entreprise dans l&rsquo;environnement des mini-ordinateurs.<\/p>\n<\/div><\/div>\n\n\n\n<div class=\"wp-block-media-text alignwide has-media-on-the-right is-stacked-on-mobile is-image-fill\"><figure class=\"wp-block-media-text__media\" style=\"background-image:url(https:\/\/cdcorp.ca\/wp-content\/uploads\/2021\/01\/oldtruck.png);background-position:50% 50%\"><img loading=\"lazy\" decoding=\"async\" width=\"756\" height=\"550\" src=\"https:\/\/cdcorp.ca\/wp-content\/uploads\/2021\/01\/oldtruck.png\" alt=\"\" class=\"wp-image-77 size-full\" srcset=\"https:\/\/cdcorp.ca\/wp-content\/uploads\/2021\/01\/oldtruck.png 756w, https:\/\/cdcorp.ca\/wp-content\/uploads\/2021\/01\/oldtruck-300x218.png 300w\" sizes=\"auto, (max-width: 756px) 100vw, 756px\" \/><\/figure><div class=\"wp-block-media-text__content\">\n<p class=\"has-drop-cap has-normal-font-size\">L&rsquo;un des mandats de CDC \u00e9tait de d\u00e9velopper une application personnalis\u00e9e pour automatiser les livraisons de mati\u00e8res premi\u00e8res en vrac sur une balance, rassemblant l&rsquo;exp\u00e9rience de d\u00e9veloppement \u00e0 la fois du contr\u00f4le de l&rsquo;atelier et des flux de syst\u00e8mes d&rsquo;entreprise.<\/p>\n\n\n\n<p>Avec l\u2019av\u00e8nement d\u2019un v\u00e9ritable syst\u00e8me d\u2019exploitation multit\u00e2che et multitransactionnel&nbsp;\u00e0 la fin des ann\u00e9es 80, CDC a d\u00e9plac\u00e9 le d\u00e9veloppement de l\u2019environnement plus co\u00fbteux des mini-ordinateurs vers l\u2019environnement PC plus rentable.<\/p>\n<\/div><\/div>\n\n\n\n<div class=\"wp-block-media-text alignwide is-stacked-on-mobile is-image-fill\"><figure class=\"wp-block-media-text__media\" style=\"background-image:url(https:\/\/cdcorp.ca\/wp-content\/uploads\/2021\/01\/istockphoto-1164704318-612x612-1.jpg);background-position:50% 50%\"><img loading=\"lazy\" decoding=\"async\" width=\"612\" height=\"408\" src=\"https:\/\/cdcorp.ca\/wp-content\/uploads\/2021\/01\/istockphoto-1164704318-612x612-1.jpg\" alt=\"\" class=\"wp-image-78 size-full\" srcset=\"https:\/\/cdcorp.ca\/wp-content\/uploads\/2021\/01\/istockphoto-1164704318-612x612-1.jpg 612w, https:\/\/cdcorp.ca\/wp-content\/uploads\/2021\/01\/istockphoto-1164704318-612x612-1-300x200.jpg 300w\" sizes=\"auto, (max-width: 612px) 100vw, 612px\" \/><\/figure><div class=\"wp-block-media-text__content\">\n<p class=\"has-drop-cap has-normal-font-size\">Au fil des ans, l\u2019application personnalis\u00e9e d\u00e9velopp\u00e9e par CDC pour automatiser les livraisons de mati\u00e8res premi\u00e8res en vrac a pris de l\u2019ampleur et de nouvelles fonctionnalit\u00e9s con\u00e7ues d\u2019apr\u00e8s les besoins des utilisateurs et de multiples implantations sont apparues.<\/p>\n\n\n\n<p>\u00c9tant donn\u00e9 l\u2019\u00e9largissement de la port\u00e9e et de la demande accrue pour le syst\u00e8me, CDC est pass\u00e9e du d\u00e9veloppement de logiciels personnalis\u00e9s \u00e0 un mod\u00e8le centr\u00e9 sur le \u00ab\u2009produit\u2009\u00bb au milieu des ann\u00e9es 2000.<\/p>\n\n\n\n<p>Le Syst\u00e8me de gestion des achats en gros et de la logistique (<strong><a href=\"https:\/\/cdcorp.ca\/fr\/experience-bpal\/\" data-type=\"page\" data-id=\"398\">BPAL<\/a><\/strong>)&nbsp;de CDC a ainsi vu le jour.<\/p>\n<\/div><\/div>\n\n\n\n\n\n<hr class=\"wp-block-separator alignwide has-text-color has-background has-gray-background-color has-gray-color is-style-wide\"\/>\n","protected":false},"excerpt":{"rendered":"<p>NOTRE HISTOIRE Fond\u00e9e en 1978, CDC compte sur plusieurs d\u00e9cennies de comp\u00e9tences en g\u00e9nie logiciel et de l\u2019exp\u00e9rience dans la cr\u00e9ation de solutions logicielles et mat\u00e9rielles compl\u00e8tes. L\u2019\u00e9quipe de CDC est compos\u00e9e de professionnels motiv\u00e9s dont la connaissance combin\u00e9e du d\u00e9veloppement de logiciels et des processus industriels a \u00e9t\u00e9 la cl\u00e9 de notre succ\u00e8s. Au [&hellip;]<\/p>\n","protected":false},"author":3,"featured_media":0,"parent":0,"menu_order":0,"comment_status":"closed","ping_status":"closed","template":"","meta":{"wpm_timeformat":"","_wpm_styles":"","footnotes":""},"class_list":["post-542","page","type-page","status-publish","hentry"],"yoast_head":"<!-- This site is optimized with the Yoast SEO plugin v19.10 - https:\/\/yoast.com\/wordpress\/plugins\/seo\/ -->\n<title>\u00c0 propos - Circuit Design Corporation<\/title>\n<meta name=\"robots\" content=\"index, follow, max-snippet:-1, max-image-preview:large, max-video-preview:-1\" \/>\n<link rel=\"canonical\" href=\"https:\/\/cdcorp.ca\/fr\/accueil-2\/\" \/>\n<meta property=\"og:locale\" content=\"fr_FR\" \/>\n<meta property=\"og:type\" content=\"article\" \/>\n<meta property=\"og:title\" content=\"\u00c0 propos - Circuit Design Corporation\" \/>\n<meta property=\"og:description\" content=\"NOTRE HISTOIRE Fond\u00e9e en 1978, CDC compte sur plusieurs d\u00e9cennies de comp\u00e9tences en g\u00e9nie logiciel et de l\u2019exp\u00e9rience dans la cr\u00e9ation de solutions logicielles et mat\u00e9rielles compl\u00e8tes. L\u2019\u00e9quipe de CDC est compos\u00e9e de professionnels motiv\u00e9s dont la connaissance combin\u00e9e du d\u00e9veloppement de logiciels et des processus industriels a \u00e9t\u00e9 la cl\u00e9 de notre succ\u00e8s. Au [&hellip;]\" \/>\n<meta property=\"og:url\" content=\"https:\/\/cdcorp.ca\/fr\/accueil-2\/\" \/>\n<meta property=\"og:site_name\" content=\"Circuit Design Corporation\" \/>\n<meta property=\"article:modified_time\" content=\"2021-05-04T15:38:30+00:00\" \/>\n<meta property=\"og:image\" content=\"https:\/\/cdcorp.ca\/wp-content\/uploads\/2021\/01\/truckwithlogo.jpg\" \/>\n<meta name=\"twitter:card\" content=\"summary_large_image\" \/>\n<meta name=\"twitter:label1\" content=\"Dur\u00e9e de lecture estim\u00e9e\" \/>\n\t<meta name=\"twitter:data1\" content=\"2 minutes\" \/>\n<script type=\"application\/ld+json\" class=\"yoast-schema-graph\">{\"@context\":\"https:\/\/schema.org\",\"@graph\":[{\"@type\":\"WebPage\",\"@id\":\"https:\/\/cdcorp.ca\/fr\/accueil-2\/\",\"url\":\"https:\/\/cdcorp.ca\/fr\/accueil-2\/\",\"name\":\"\u00c0 propos - Circuit Design Corporation\",\"isPartOf\":{\"@id\":\"https:\/\/cdcorp.ca\/#website\"},\"datePublished\":\"2021-04-03T13:33:04+00:00\",\"dateModified\":\"2021-05-04T15:38:30+00:00\",\"breadcrumb\":{\"@id\":\"https:\/\/cdcorp.ca\/fr\/accueil-2\/#breadcrumb\"},\"inLanguage\":\"fr-FR\",\"potentialAction\":[{\"@type\":\"ReadAction\",\"target\":[\"https:\/\/cdcorp.ca\/fr\/accueil-2\/\"]}]},{\"@type\":\"BreadcrumbList\",\"@id\":\"https:\/\/cdcorp.ca\/fr\/accueil-2\/#breadcrumb\",\"itemListElement\":[{\"@type\":\"ListItem\",\"position\":1,\"name\":\"Home\",\"item\":\"https:\/\/cdcorp.ca\/fr\/\"},{\"@type\":\"ListItem\",\"position\":2,\"name\":\"\u00c0 propos\"}]},{\"@type\":\"WebSite\",\"@id\":\"https:\/\/cdcorp.ca\/#website\",\"url\":\"https:\/\/cdcorp.ca\/\",\"name\":\"Circuit Design Corporation\",\"description\":\"Automatisation et administration BPAL\",\"publisher\":{\"@id\":\"https:\/\/cdcorp.ca\/#organization\"},\"potentialAction\":[{\"@type\":\"SearchAction\",\"target\":{\"@type\":\"EntryPoint\",\"urlTemplate\":\"https:\/\/cdcorp.ca\/?s={search_term_string}\"},\"query-input\":\"required name=search_term_string\"}],\"inLanguage\":\"fr-FR\"},{\"@type\":\"Organization\",\"@id\":\"https:\/\/cdcorp.ca\/#organization\",\"name\":\"Circuit Design Corporation\",\"url\":\"https:\/\/cdcorp.ca\/\",\"logo\":{\"@type\":\"ImageObject\",\"inLanguage\":\"fr-FR\",\"@id\":\"https:\/\/cdcorp.ca\/#\/schema\/logo\/image\/\",\"url\":\"https:\/\/cdcorp.ca\/wp-content\/uploads\/2021\/04\/CDC-Logo-493x134-1.png\",\"contentUrl\":\"https:\/\/cdcorp.ca\/wp-content\/uploads\/2021\/04\/CDC-Logo-493x134-1.png\",\"width\":493,\"height\":134,\"caption\":\" Circuit Design Corporation\"},\"image\":{\"@id\":\"https:\/\/cdcorp.ca\/#\/schema\/logo\/image\/\"}}]}<\/script>\n<!-- \/ Yoast SEO plugin. -->","yoast_head_json":{"title":"\u00c0 propos - Circuit Design Corporation","robots":{"index":"index","follow":"follow","max-snippet":"max-snippet:-1","max-image-preview":"max-image-preview:large","max-video-preview":"max-video-preview:-1"},"canonical":"https:\/\/cdcorp.ca\/fr\/accueil-2\/","og_locale":"fr_FR","og_type":"article","og_title":"\u00c0 propos - Circuit Design Corporation","og_description":"NOTRE HISTOIRE Fond\u00e9e en 1978, CDC compte sur plusieurs d\u00e9cennies de comp\u00e9tences en g\u00e9nie logiciel et de l\u2019exp\u00e9rience dans la cr\u00e9ation de solutions logicielles et mat\u00e9rielles compl\u00e8tes. L\u2019\u00e9quipe de CDC est compos\u00e9e de professionnels motiv\u00e9s dont la connaissance combin\u00e9e du d\u00e9veloppement de logiciels et des processus industriels a \u00e9t\u00e9 la cl\u00e9 de notre succ\u00e8s. Au [&hellip;]","og_url":"https:\/\/cdcorp.ca\/fr\/accueil-2\/","og_site_name":"Circuit Design Corporation","article_modified_time":"2021-05-04T15:38:30+00:00","og_image":[{"url":"https:\/\/cdcorp.ca\/wp-content\/uploads\/2021\/01\/truckwithlogo.jpg"}],"twitter_card":"summary_large_image","twitter_misc":{"Dur\u00e9e de lecture estim\u00e9e":"2 minutes"},"schema":{"@context":"https:\/\/schema.org","@graph":[{"@type":"WebPage","@id":"https:\/\/cdcorp.ca\/fr\/accueil-2\/","url":"https:\/\/cdcorp.ca\/fr\/accueil-2\/","name":"\u00c0 propos - Circuit Design Corporation","isPartOf":{"@id":"https:\/\/cdcorp.ca\/#website"},"datePublished":"2021-04-03T13:33:04+00:00","dateModified":"2021-05-04T15:38:30+00:00","breadcrumb":{"@id":"https:\/\/cdcorp.ca\/fr\/accueil-2\/#breadcrumb"},"inLanguage":"fr-FR","potentialAction":[{"@type":"ReadAction","target":["https:\/\/cdcorp.ca\/fr\/accueil-2\/"]}]},{"@type":"BreadcrumbList","@id":"https:\/\/cdcorp.ca\/fr\/accueil-2\/#breadcrumb","itemListElement":[{"@type":"ListItem","position":1,"name":"Home","item":"https:\/\/cdcorp.ca\/fr\/"},{"@type":"ListItem","position":2,"name":"\u00c0 propos"}]},{"@type":"WebSite","@id":"https:\/\/cdcorp.ca\/#website","url":"https:\/\/cdcorp.ca\/","name":"Circuit Design Corporation","description":"Automatisation et administration BPAL","publisher":{"@id":"https:\/\/cdcorp.ca\/#organization"},"potentialAction":[{"@type":"SearchAction","target":{"@type":"EntryPoint","urlTemplate":"https:\/\/cdcorp.ca\/?s={search_term_string}"},"query-input":"required name=search_term_string"}],"inLanguage":"fr-FR"},{"@type":"Organization","@id":"https:\/\/cdcorp.ca\/#organization","name":"Circuit Design Corporation","url":"https:\/\/cdcorp.ca\/","logo":{"@type":"ImageObject","inLanguage":"fr-FR","@id":"https:\/\/cdcorp.ca\/#\/schema\/logo\/image\/","url":"https:\/\/cdcorp.ca\/wp-content\/uploads\/2021\/04\/CDC-Logo-493x134-1.png","contentUrl":"https:\/\/cdcorp.ca\/wp-content\/uploads\/2021\/04\/CDC-Logo-493x134-1.png","width":493,"height":134,"caption":" Circuit Design Corporation"},"image":{"@id":"https:\/\/cdcorp.ca\/#\/schema\/logo\/image\/"}}]}},"_links":{"self":[{"href":"https:\/\/cdcorp.ca\/fr\/wp-json\/wp\/v2\/pages\/542","targetHints":{"allow":["GET"]}}],"collection":[{"href":"https:\/\/cdcorp.ca\/fr\/wp-json\/wp\/v2\/pages"}],"about":[{"href":"https:\/\/cdcorp.ca\/fr\/wp-json\/wp\/v2\/types\/page"}],"author":[{"embeddable":true,"href":"https:\/\/cdcorp.ca\/fr\/wp-json\/wp\/v2\/users\/3"}],"replies":[{"embeddable":true,"href":"https:\/\/cdcorp.ca\/fr\/wp-json\/wp\/v2\/comments?post=542"}],"version-history":[{"count":4,"href":"https:\/\/cdcorp.ca\/fr\/wp-json\/wp\/v2\/pages\/542\/revisions"}],"predecessor-version":[{"id":619,"href":"https:\/\/cdcorp.ca\/fr\/wp-json\/wp\/v2\/pages\/542\/revisions\/619"}],"wp:attachment":[{"href":"https:\/\/cdcorp.ca\/fr\/wp-json\/wp\/v2\/media?parent=542"}],"curies":[{"name":"wp","href":"https:\/\/api.w.org\/{rel}","templated":true}]}}